{"id":41,"date":"2014-12-07T11:14:53","date_gmt":"2014-12-07T11:14:53","guid":{"rendered":"http:\/\/www.artproject-flocage.fr\/wdp\/?page_id=41"},"modified":"2015-10-20T07:38:00","modified_gmt":"2015-10-20T07:38:00","slug":"etancheite-de-lair","status":"publish","type":"page","link":"https:\/\/www.artproject-flocage.fr\/wdp\/etancheite-de-lair\/","title":{"rendered":"\u00c9tanch\u00e9it\u00e9 de l&rsquo;air-Pro"},"content":{"rendered":"<div id='layer_slider_1'  class='avia-layerslider main_color avia-shadow  avia-builder-el-0  el_before_av_heading  avia-builder-el-first  container_wrap fullsize'  style='height: 471px;'  ><\/div><div id='after_layer_slider_1'  class='main_color av_default_container_wrap container_wrap fullsize'  ><div class='container av-section-cont-open' ><div class='template-page content  av-content-full alpha units'><div class='post-entry post-entry-type-page post-entry-41'><div class='entry-content-wrapper clearfix'>\n\n<style type=\"text\/css\" data-created_by=\"avia_inline_auto\" id=\"style-css-av-av_heading-5b4177b722dc17d789632054044bf147\">\n#top .av-special-heading.av-av_heading-5b4177b722dc17d789632054044bf147{\npadding-bottom:20px;\ncolor:#7E0000;\n}\nbody .av-special-heading.av-av_heading-5b4177b722dc17d789632054044bf147 .av-special-heading-tag .heading-char{\nfont-size:25px;\n}\n.av-special-heading.av-av_heading-5b4177b722dc17d789632054044bf147 .special-heading-inner-border{\nborder-color:#7E0000;\n}\n.av-special-heading.av-av_heading-5b4177b722dc17d789632054044bf147 .av-subheading{\nfont-size:15px;\n}\n<\/style>\n<div  class='av-special-heading av-av_heading-5b4177b722dc17d789632054044bf147 av-special-heading-h1 custom-color-heading blockquote modern-quote modern-centered  avia-builder-el-1  el_after_av_layerslider  el_before_av_hr  avia-builder-el-first  av-thin-font'><h1 class='av-special-heading-tag'  itemprop=\"headline\"  ><strong>Etanch\u00e9it\u00e9 \u00e0 l\u2019air<\/strong><\/h1><div class=\"special-heading-border\"><div class=\"special-heading-inner-border\"><\/div><\/div><\/div>\n\n<style type=\"text\/css\" data-created_by=\"avia_inline_auto\" id=\"style-css-av-av_hr-e483b54d84855ac09d647b54d33ce63d\">\n#top .hr.av-av_hr-e483b54d84855ac09d647b54d33ce63d{\nmargin-top:10px;\nmargin-bottom:30px;\n}\n.hr.av-av_hr-e483b54d84855ac09d647b54d33ce63d .hr-inner{\nwidth:350px;\nmax-width:45%;\n}\n.hr.av-av_hr-e483b54d84855ac09d647b54d33ce63d .av-seperator-icon{\ncolor:#7e0000;\n}\n<\/style>\n<div  class='hr av-av_hr-e483b54d84855ac09d647b54d33ce63d hr-custom  avia-builder-el-2  el_after_av_heading  el_before_av_one_half  hr-center hr-icon-yes'><span class='hr-inner inner-border-av-border-thin'><span class=\"hr-inner-style\"><\/span><\/span><span class='av-seperator-icon' aria-hidden='true' data-av_icon='\ue8b7' data-av_iconfont='entypo-fontello'><\/span><span class='hr-inner inner-border-av-border-thin'><span class=\"hr-inner-style\"><\/span><\/span><\/div>\n\n<style type=\"text\/css\" data-created_by=\"avia_inline_auto\" id=\"style-css-av-av_one_half-352b07ef7d3bc99b2e9f92e7a9e06bdb\">\n.flex_column.av-av_one_half-352b07ef7d3bc99b2e9f92e7a9e06bdb{\nborder-radius:0px 0px 0px 0px;\npadding:0px 0px 0px 0px;\n}\n<\/style>\n<div  class='flex_column av-av_one_half-352b07ef7d3bc99b2e9f92e7a9e06bdb av_one_half  avia-builder-el-3  el_after_av_hr  el_before_av_one_half  first flex_column_div av-zero-column-padding  '     ><style type=\"text\/css\" data-created_by=\"avia_inline_auto\" id=\"style-css-av-av_image-6237b73d6096b29ba6d0105f71269c99\">\n.avia-image-container.av-av_image-6237b73d6096b29ba6d0105f71269c99 img.avia_image{\nbox-shadow:none;\n}\n.avia-image-container.av-av_image-6237b73d6096b29ba6d0105f71269c99 .av-image-caption-overlay-center{\ncolor:#ffffff;\n}\n<\/style>\n<div  class='avia-image-container av-av_image-6237b73d6096b29ba6d0105f71269c99 av-styling- av-hover-grow avia_animated_image av-animated-when-visible-95 pop-up avia-align-center  avia-builder-el-4  avia-builder-el-no-sibling '   itemprop=\"image\" itemscope=\"itemscope\" itemtype=\"https:\/\/schema.org\/ImageObject\" ><div class=\"avia-image-container-inner\"><div class=\"avia-image-overlay-wrap\"><img fetchpriority=\"high\" class='wp-image-1425 avia-img-lazy-loading-not-1425 avia_image ' src='https:\/\/www.artproject-flocage.fr\/wdp\/wp-content\/uploads\/2014\/12\/ArtProject-Normandin-02.jpg' alt='' title='ArtProject--Normandin-02'  height=\"400\" width=\"495\"  itemprop=\"thumbnailUrl\"  \/><\/div><\/div><\/div><\/div>\n\n<style type=\"text\/css\" data-created_by=\"avia_inline_auto\" id=\"style-css-av-av_one_half-2a64de42b738552fe666ca889af77e28\">\n.flex_column.av-av_one_half-2a64de42b738552fe666ca889af77e28{\nborder-radius:0px 0px 0px 0px;\npadding:0px 0px 0px 0px;\n}\n<\/style>\n<div  class='flex_column av-av_one_half-2a64de42b738552fe666ca889af77e28 av_one_half  avia-builder-el-5  el_after_av_one_half  el_before_av_one_full  flex_column_div av-zero-column-padding  '     ><section  class='av_textblock_section av-av_textblock-0366cc7376be6c9e82a3e9cc8987b64f '   itemscope=\"itemscope\" itemtype=\"https:\/\/schema.org\/CreativeWork\" ><div class='avia_textblock'  itemprop=\"text\" ><ul>\n<li>Le rev\u00eatement d\u2019\u00e9tanch\u00e9it\u00e9 \u00e0 l\u2019air se r\u00e9alise <strong>sur les faces int\u00e9rieures des murs ext\u00e9rieurs<\/strong> de la construction et sur les jonctions menuiserie \/ ma\u00e7onnerie.On applique le produit par projection sur tous supports ma\u00e7onn\u00e9s<br \/>\n( environ 5 mm ).<\/li>\n<\/ul>\n<\/div><\/section><br \/>\n<section  class='av_textblock_section av-av_textblock-0366cc7376be6c9e82a3e9cc8987b64f '   itemscope=\"itemscope\" itemtype=\"https:\/\/schema.org\/CreativeWork\" ><div class='avia_textblock'  itemprop=\"text\" ><p><strong>Ce qui a pour but de :<\/strong><\/p>\n<ul>\n<li>renforcer les performances d\u2019\u00e9tanch\u00e9it\u00e9 \u00e0 l\u2019air des doublages coll\u00e9s ou sur ossatures.<\/li>\n<li>traiter simultan\u00e9ment les murs ma\u00e7onn\u00e9s et les jonctions menuiserie\/ma\u00e7onnerie et plafond\/ma\u00e7onnerie.<\/li>\n<\/ul>\n<\/div><\/section><\/p><\/div>\n\n<style type=\"text\/css\" data-created_by=\"avia_inline_auto\" id=\"style-css-av-av_one_full-352b07ef7d3bc99b2e9f92e7a9e06bdb\">\n.flex_column.av-av_one_full-352b07ef7d3bc99b2e9f92e7a9e06bdb{\nborder-radius:0px 0px 0px 0px;\npadding:0px 0px 0px 0px;\n}\n<\/style>\n<div  class='flex_column av-av_one_full-352b07ef7d3bc99b2e9f92e7a9e06bdb av_one_full  avia-builder-el-8  el_after_av_one_half  el_before_av_hr  first flex_column_div av-zero-column-padding  column-top-margin'     ><section  class='av_textblock_section av-av_textblock-0366cc7376be6c9e82a3e9cc8987b64f '   itemscope=\"itemscope\" itemtype=\"https:\/\/schema.org\/CreativeWork\" ><div class='avia_textblock'  itemprop=\"text\" ><ul>\n<ul>\n<li>Afin de r\u00e9pondre aux objectifs fix\u00e9s par le Grenelle Environnement, diviser par 4 les \u00e9missions de gaz \u00e0 effet de serre d\u2019ici 2050, la <strong>r\u00e9glementation thermique 2012 <\/strong>permettra d\u2019am\u00e9liorer <strong>l\u2019efficacit\u00e9 \u00e9nerg\u00e9tique des b\u00e2timents neufs d\u00e8s leur conception.<\/strong>La <strong>RT 2012 <\/strong>reprend les principales exigences du <strong>label BBC-Effinergie <\/strong>et se veut plus simple et lisible que la RT 2005.Elle offre une plus grande libert\u00e9 pour la conception des b\u00e2timents et permet d\u2019optimiser pour chacun d\u2019entre eux, l\u2019isolation de l\u2019enveloppe et les performances des \u00e9quipements.<\/li>\n<\/ul>\n<\/ul>\n<\/div><\/section><\/div>\n\n<style type=\"text\/css\" data-created_by=\"avia_inline_auto\" id=\"style-css-av-av_hr-e483b54d84855ac09d647b54d33ce63d\">\n#top .hr.av-av_hr-e483b54d84855ac09d647b54d33ce63d{\nmargin-top:10px;\nmargin-bottom:30px;\n}\n.hr.av-av_hr-e483b54d84855ac09d647b54d33ce63d .hr-inner{\nwidth:350px;\nmax-width:45%;\n}\n.hr.av-av_hr-e483b54d84855ac09d647b54d33ce63d .av-seperator-icon{\ncolor:#7e0000;\n}\n<\/style>\n<div  class='hr av-av_hr-e483b54d84855ac09d647b54d33ce63d hr-custom  avia-builder-el-10  el_after_av_one_full  el_before_av_one_half  hr-center hr-icon-yes'><span class='hr-inner inner-border-av-border-thin'><span class=\"hr-inner-style\"><\/span><\/span><span class='av-seperator-icon' aria-hidden='true' data-av_icon='\ue8b7' data-av_iconfont='entypo-fontello'><\/span><span class='hr-inner inner-border-av-border-thin'><span class=\"hr-inner-style\"><\/span><\/span><\/div>\n<div  class='flex_column av-av_one_half-2a9015ff38129c418a3f2eafba3e9512 av_one_half  avia-builder-el-11  el_after_av_hr  el_before_av_one_half  first flex_column_div  '     ><div id='av-masonry-1' class='av-masonry av-av_masonry_gallery-24c8bf321be52434ed4deaced411d3d8 noHover av-fixed-size av-large-gap av-hover-overlay-active av-masonry-animation-active av-masonry-col-2 av-caption-always av-caption-style- av-masonry-gallery ' data-post_id=\"41\"><div class=\"av-masonry-container isotope av-js-disabled\"><div class='av-masonry-entry isotope-item av-masonry-item-no-image '><\/div><a href=\"https:\/\/www.artproject-flocage.fr\/wdp\/wp-content\/uploads\/2014\/12\/ArtProject-Normandin-01.jpg\"  aria-label=\"image ArtProject&#8211;Normandin-01\"  id='av-masonry-1-item-1427' data-av-masonry-item='1427' class='av-masonry-entry isotope-item post-1427 attachment type-attachment status-inherit hentry  av-masonry-item-with-image av-grid-img' title=\"ArtProject&#8211;Normandin-01\" alt=\"\"    itemprop=\"thumbnailUrl\" ><div class='av-inner-masonry-sizer'><\/div><figure class='av-inner-masonry main_color'><div class=\"av-masonry-outerimage-container\"><div class='av-masonry-image-container' style=\"background-image: url(https:\/\/www.artproject-flocage.fr\/wdp\/wp-content\/uploads\/2014\/12\/ArtProject-Normandin-01-458x705.jpg);\"  title=\"ArtProject&#8211;Normandin-01\"  ><\/div><\/div><\/figure><\/a><!--end av-masonry entry--><a href=\"https:\/\/www.artproject-flocage.fr\/wdp\/wp-content\/uploads\/2015\/04\/Etanch-Air-2.jpg\"  aria-label=\"image Etanch-Air-2\"  id='av-masonry-1-item-387' data-av-masonry-item='387' class='av-masonry-entry isotope-item post-387 attachment type-attachment status-inherit hentry  av-masonry-item-with-image av-grid-img' title=\"Etanch-Air-2\" alt=\"\"    itemprop=\"thumbnailUrl\" ><div class='av-inner-masonry-sizer'><\/div><figure class='av-inner-masonry main_color'><div class=\"av-masonry-outerimage-container\"><div class='av-masonry-image-container' style=\"background-image: url(https:\/\/www.artproject-flocage.fr\/wdp\/wp-content\/uploads\/2015\/04\/Etanch-Air-2-458x705.jpg);\"  title=\"Etanch-Air-2\"  ><\/div><\/div><\/figure><\/a><!--end av-masonry entry--><a href=\"https:\/\/www.artproject-flocage.fr\/wdp\/wp-content\/uploads\/2015\/04\/Etanch-Air-1.jpg\"  aria-label=\"image Etanch-Air-1\"  id='av-masonry-1-item-386' data-av-masonry-item='386' class='av-masonry-entry isotope-item post-386 attachment type-attachment status-inherit hentry  av-masonry-item-with-image av-grid-img' title=\"Etanch-Air-1\" alt=\"\"    itemprop=\"thumbnailUrl\" ><div class='av-inner-masonry-sizer'><\/div><figure class='av-inner-masonry main_color'><div class=\"av-masonry-outerimage-container\"><div class='av-masonry-image-container' style=\"background-image: url(https:\/\/www.artproject-flocage.fr\/wdp\/wp-content\/uploads\/2015\/04\/Etanch-Air-1-458x705.jpg);\"  title=\"Etanch-Air-1\"  ><\/div><\/div><\/figure><\/a><!--end av-masonry entry--><a href=\"https:\/\/www.artproject-flocage.fr\/wdp\/wp-content\/uploads\/2015\/04\/AP-Slider-porfolio-air2-769x1030.jpg\"  aria-label=\"image AP-Slider-porfolio-air2\"  id='av-masonry-1-item-248' data-av-masonry-item='248' class='av-masonry-entry isotope-item post-248 attachment type-attachment status-inherit hentry  av-masonry-item-with-image av-grid-img' title=\"AP-Slider-porfolio-air2\" alt=\"\"    itemprop=\"thumbnailUrl\" ><div class='av-inner-masonry-sizer'><\/div><figure class='av-inner-masonry main_color'><div class=\"av-masonry-outerimage-container\"><div class='av-masonry-image-container' style=\"background-image: url(https:\/\/www.artproject-flocage.fr\/wdp\/wp-content\/uploads\/2015\/04\/AP-Slider-porfolio-air2-526x705.jpg);\"  title=\"AP-Slider-porfolio-air2\"  ><\/div><\/div><\/figure><\/a><!--end av-masonry entry--><a href=\"https:\/\/www.artproject-flocage.fr\/wdp\/wp-content\/uploads\/2015\/04\/Etanch-Air-4.jpg\"  aria-label=\"image Etanch-Air-4\"  id='av-masonry-1-item-389' data-av-masonry-item='389' class='av-masonry-entry isotope-item post-389 attachment type-attachment status-inherit hentry  av-masonry-item-with-image av-grid-img' title=\"Etanch-Air-4\" alt=\"\"    itemprop=\"thumbnailUrl\" ><div class='av-inner-masonry-sizer'><\/div><figure class='av-inner-masonry main_color'><div class=\"av-masonry-outerimage-container\"><div class='av-masonry-image-container' style=\"background-image: url(https:\/\/www.artproject-flocage.fr\/wdp\/wp-content\/uploads\/2015\/04\/Etanch-Air-4-458x705.jpg);\"  title=\"Etanch-Air-4\"  ><\/div><\/div><\/figure><\/a><!--end av-masonry entry--><a href=\"https:\/\/www.artproject-flocage.fr\/wdp\/wp-content\/uploads\/2015\/04\/Etanch-Air-3.jpg\"  aria-label=\"image Etanch-Air-3\"  id='av-masonry-1-item-388' data-av-masonry-item='388' class='av-masonry-entry isotope-item post-388 attachment type-attachment status-inherit hentry  av-masonry-item-with-image av-grid-img' title=\"Etanch-Air-3\" alt=\"\"    itemprop=\"thumbnailUrl\" ><div class='av-inner-masonry-sizer'><\/div><figure class='av-inner-masonry main_color'><div class=\"av-masonry-outerimage-container\"><div class='av-masonry-image-container' style=\"background-image: url(https:\/\/www.artproject-flocage.fr\/wdp\/wp-content\/uploads\/2015\/04\/Etanch-Air-3-458x705.jpg);\"  title=\"Etanch-Air-3\"  ><\/div><\/div><\/figure><\/a><!--end av-masonry entry--><\/div><\/div><\/div>\n\n<style type=\"text\/css\" data-created_by=\"avia_inline_auto\" id=\"style-css-av-av_one_half-2a64de42b738552fe666ca889af77e28\">\n.flex_column.av-av_one_half-2a64de42b738552fe666ca889af77e28{\nborder-radius:0px 0px 0px 0px;\npadding:0px 0px 0px 0px;\n}\n<\/style>\n<div  class='flex_column av-av_one_half-2a64de42b738552fe666ca889af77e28 av_one_half  avia-builder-el-13  el_after_av_one_half  avia-builder-el-last  flex_column_div av-zero-column-padding  '     ><p>\n<style type=\"text\/css\" data-created_by=\"avia_inline_auto\" id=\"style-css-av-av_heading-8df0f31c91bef2201eb3fc377419d47a\">\n#top .av-special-heading.av-av_heading-8df0f31c91bef2201eb3fc377419d47a{\npadding-bottom:10px;\ncolor:#7e0000;\n}\nbody .av-special-heading.av-av_heading-8df0f31c91bef2201eb3fc377419d47a .av-special-heading-tag .heading-char{\nfont-size:25px;\n}\n.av-special-heading.av-av_heading-8df0f31c91bef2201eb3fc377419d47a .special-heading-inner-border{\nborder-color:#7e0000;\n}\n.av-special-heading.av-av_heading-8df0f31c91bef2201eb3fc377419d47a .av-subheading{\nfont-size:15px;\n}\n<\/style>\n<div  class='av-special-heading av-av_heading-8df0f31c91bef2201eb3fc377419d47a av-special-heading-h2 custom-color-heading blockquote modern-quote  avia-builder-el-14  el_before_av_hr  avia-builder-el-first  av-thin-font'><h2 class='av-special-heading-tag'  itemprop=\"headline\"  ><strong>R\u00e9sidence Normandin<\/strong><\/h2><div class=\"special-heading-border\"><div class=\"special-heading-inner-border\"><\/div><\/div><\/div><br \/>\n<div  class='hr av-av_hr-7baa9936fe5691b53f4ae1c79d4cc23f hr-short  avia-builder-el-15  el_after_av_heading  el_before_av_textblock  hr-left'><span class='hr-inner '><span class=\"hr-inner-style\"><\/span><\/span><\/div><br \/>\n<section  class='av_textblock_section av-av_textblock-0366cc7376be6c9e82a3e9cc8987b64f '   itemscope=\"itemscope\" itemtype=\"https:\/\/schema.org\/CreativeWork\" ><div class='avia_textblock'  itemprop=\"text\" ><div class=\"entry-content-wrapper entry-content\"><strong style=\"color: #6f7072;\">La Rochelle<br \/>\n<\/strong><br \/>\n<strong style=\"color: #7e0000;\">Travaux r\u00e9alis\u00e9s :<\/strong><strong>Face int\u00e9rieure des murs ext\u00e9rieurs de la construction<\/strong><\/p>\n<ul>\n<ul>\n<ul>\n<li>Mise en place de protections pour les menuiseries et divers.<\/li>\n<\/ul>\n<\/ul>\n<\/ul>\n<ul>\n<ul>\n<ul>\n<li>Fourniture et pose de bandes en fibre de verre au jonction des menuiseries<\/li>\n<\/ul>\n<\/ul>\n<\/ul>\n<ul>\n<ul>\n<ul>\n<li>Rev\u00eatement d&rsquo;\u00e9tanch\u00e9it\u00e9 \u00e0 l&rsquo;air des parois ext\u00e9rieures et des jonctions menuiseries \/ ma\u00e7onneries, \u00e0 base de gypse projet\u00e9, du type<strong> AEROBLUE<\/strong> de chez <strong>PLACOPLATRE. <\/strong>Epaisseur : 5 mm<\/li>\n<\/ul>\n<\/ul>\n<\/ul>\n<ul>\n<ul>\n<ul>\n<li>Nettoyage<\/li>\n<\/ul>\n<\/ul>\n<\/ul>\n<p>Ouvriers sp\u00e9cialis\u00e9s, v\u00e9hicules de chantiers, machine \u00e0 projet\u00e9 sp\u00e9cifique.<\/p>\n<p><strong><span style=\"color: #7e0000;\">Surface :<\/span><\/strong> 1400 m<sup>2<\/sup><\/p>\n<\/div>\n<\/div><\/section><br \/>\n<div  class='hr av-av_hr-7baa9936fe5691b53f4ae1c79d4cc23f hr-short  avia-builder-el-17  el_after_av_textblock  avia-builder-el-last  hr-left'><span class='hr-inner '><span class=\"hr-inner-style\"><\/span><\/span><\/div><\/p><\/div>\n","protected":false},"excerpt":{"rendered":"","protected":false},"author":1,"featured_media":0,"parent":0,"menu_order":0,"comment_status":"open","ping_status":"open","template":"","meta":{"footnotes":""},"yoast_head":"<!-- This site is optimized with the Yoast SEO plugin v19.11 - https:\/\/yoast.com\/wordpress\/plugins\/seo\/ -->\n<title>Art Project - Etanch\u00e9it\u00e9 de l&#039;air<\/title>\n<meta name=\"description\" content=\"Le rev\u00eatement d\u2019\u00e9tanch\u00e9it\u00e9 \u00e0 l\u2019air se r\u00e9alise sur les faces int\u00e9rieures des murs ext\u00e9rieurs de la construction et sur les jonctions menuiserie \/ ma\u00e7onnerie.\" \/>\n<meta name=\"robots\" content=\"index, follow, max-snippet:-1, max-image-preview:large, max-video-preview:-1\" \/>\n<link rel=\"canonical\" href=\"https:\/\/www.artproject-flocage.fr\/wdp\/etancheite-de-lair\/\" \/>\n<meta property=\"og:locale\" content=\"fr_FR\" \/>\n<meta property=\"og:type\" content=\"article\" \/>\n<meta property=\"og:title\" content=\"Art Project - Etanch\u00e9it\u00e9 de l&#039;air\" \/>\n<meta property=\"og:description\" content=\"Le rev\u00eatement d\u2019\u00e9tanch\u00e9it\u00e9 \u00e0 l\u2019air se r\u00e9alise sur les faces int\u00e9rieures des murs ext\u00e9rieurs de la construction et sur les jonctions menuiserie \/ ma\u00e7onnerie.\" \/>\n<meta property=\"og:url\" content=\"https:\/\/www.artproject-flocage.fr\/wdp\/etancheite-de-lair\/\" \/>\n<meta property=\"og:site_name\" content=\"Art Project\" \/>\n<meta property=\"article:modified_time\" content=\"2015-10-20T07:38:00+00:00\" \/>\n<meta name=\"twitter:card\" content=\"summary_large_image\" \/>\n<meta name=\"twitter:label1\" content=\"Dur\u00e9e de lecture estim\u00e9e\" \/>\n\t<meta name=\"twitter:data1\" content=\"4 minutes\" \/>\n<script type=\"application\/ld+json\" class=\"yoast-schema-graph\">{\"@context\":\"https:\/\/schema.org\",\"@graph\":[{\"@type\":\"WebPage\",\"@id\":\"https:\/\/www.artproject-flocage.fr\/wdp\/etancheite-de-lair\/\",\"url\":\"https:\/\/www.artproject-flocage.fr\/wdp\/etancheite-de-lair\/\",\"name\":\"Art Project - Etanch\u00e9it\u00e9 de l'air\",\"isPartOf\":{\"@id\":\"https:\/\/www.artproject-flocage.fr\/wdp\/#website\"},\"datePublished\":\"2014-12-07T11:14:53+00:00\",\"dateModified\":\"2015-10-20T07:38:00+00:00\",\"description\":\"Le rev\u00eatement d\u2019\u00e9tanch\u00e9it\u00e9 \u00e0 l\u2019air se r\u00e9alise sur les faces int\u00e9rieures des murs ext\u00e9rieurs de la construction et sur les jonctions menuiserie \/ ma\u00e7onnerie.\",\"breadcrumb\":{\"@id\":\"https:\/\/www.artproject-flocage.fr\/wdp\/etancheite-de-lair\/#breadcrumb\"},\"inLanguage\":\"fr-FR\",\"potentialAction\":[{\"@type\":\"ReadAction\",\"target\":[\"https:\/\/www.artproject-flocage.fr\/wdp\/etancheite-de-lair\/\"]}]},{\"@type\":\"BreadcrumbList\",\"@id\":\"https:\/\/www.artproject-flocage.fr\/wdp\/etancheite-de-lair\/#breadcrumb\",\"itemListElement\":[{\"@type\":\"ListItem\",\"position\":1,\"name\":\"Accueil\",\"item\":\"https:\/\/www.artproject-flocage.fr\/wdp\/\"},{\"@type\":\"ListItem\",\"position\":2,\"name\":\"\u00c9tanch\u00e9it\u00e9 de l&rsquo;air-Pro\"}]},{\"@type\":\"WebSite\",\"@id\":\"https:\/\/www.artproject-flocage.fr\/wdp\/#website\",\"url\":\"https:\/\/www.artproject-flocage.fr\/wdp\/\",\"name\":\"Art Project\",\"description\":\"Flocage Souflage Panneaux Isolation thermique\",\"potentialAction\":[{\"@type\":\"SearchAction\",\"target\":{\"@type\":\"EntryPoint\",\"urlTemplate\":\"https:\/\/www.artproject-flocage.fr\/wdp\/?s={search_term_string}\"},\"query-input\":\"required name=search_term_string\"}],\"inLanguage\":\"fr-FR\"}]}<\/script>\n<!-- \/ Yoast SEO plugin. -->","yoast_head_json":{"title":"Art Project - Etanch\u00e9it\u00e9 de l'air","description":"Le rev\u00eatement d\u2019\u00e9tanch\u00e9it\u00e9 \u00e0 l\u2019air se r\u00e9alise sur les faces int\u00e9rieures des murs ext\u00e9rieurs de la construction et sur les jonctions menuiserie \/ ma\u00e7onnerie.","robots":{"index":"index","follow":"follow","max-snippet":"max-snippet:-1","max-image-preview":"max-image-preview:large","max-video-preview":"max-video-preview:-1"},"canonical":"https:\/\/www.artproject-flocage.fr\/wdp\/etancheite-de-lair\/","og_locale":"fr_FR","og_type":"article","og_title":"Art Project - Etanch\u00e9it\u00e9 de l'air","og_description":"Le rev\u00eatement d\u2019\u00e9tanch\u00e9it\u00e9 \u00e0 l\u2019air se r\u00e9alise sur les faces int\u00e9rieures des murs ext\u00e9rieurs de la construction et sur les jonctions menuiserie \/ ma\u00e7onnerie.","og_url":"https:\/\/www.artproject-flocage.fr\/wdp\/etancheite-de-lair\/","og_site_name":"Art Project","article_modified_time":"2015-10-20T07:38:00+00:00","twitter_card":"summary_large_image","twitter_misc":{"Dur\u00e9e de lecture estim\u00e9e":"4 minutes"},"schema":{"@context":"https:\/\/schema.org","@graph":[{"@type":"WebPage","@id":"https:\/\/www.artproject-flocage.fr\/wdp\/etancheite-de-lair\/","url":"https:\/\/www.artproject-flocage.fr\/wdp\/etancheite-de-lair\/","name":"Art Project - Etanch\u00e9it\u00e9 de l'air","isPartOf":{"@id":"https:\/\/www.artproject-flocage.fr\/wdp\/#website"},"datePublished":"2014-12-07T11:14:53+00:00","dateModified":"2015-10-20T07:38:00+00:00","description":"Le rev\u00eatement d\u2019\u00e9tanch\u00e9it\u00e9 \u00e0 l\u2019air se r\u00e9alise sur les faces int\u00e9rieures des murs ext\u00e9rieurs de la construction et sur les jonctions menuiserie \/ ma\u00e7onnerie.","breadcrumb":{"@id":"https:\/\/www.artproject-flocage.fr\/wdp\/etancheite-de-lair\/#breadcrumb"},"inLanguage":"fr-FR","potentialAction":[{"@type":"ReadAction","target":["https:\/\/www.artproject-flocage.fr\/wdp\/etancheite-de-lair\/"]}]},{"@type":"BreadcrumbList","@id":"https:\/\/www.artproject-flocage.fr\/wdp\/etancheite-de-lair\/#breadcrumb","itemListElement":[{"@type":"ListItem","position":1,"name":"Accueil","item":"https:\/\/www.artproject-flocage.fr\/wdp\/"},{"@type":"ListItem","position":2,"name":"\u00c9tanch\u00e9it\u00e9 de l&rsquo;air-Pro"}]},{"@type":"WebSite","@id":"https:\/\/www.artproject-flocage.fr\/wdp\/#website","url":"https:\/\/www.artproject-flocage.fr\/wdp\/","name":"Art Project","description":"Flocage Souflage Panneaux Isolation thermique","potentialAction":[{"@type":"SearchAction","target":{"@type":"EntryPoint","urlTemplate":"https:\/\/www.artproject-flocage.fr\/wdp\/?s={search_term_string}"},"query-input":"required name=search_term_string"}],"inLanguage":"fr-FR"}]}},"_links":{"self":[{"href":"https:\/\/www.artproject-flocage.fr\/wdp\/wp-json\/wp\/v2\/pages\/41"}],"collection":[{"href":"https:\/\/www.artproject-flocage.fr\/wdp\/wp-json\/wp\/v2\/pages"}],"about":[{"href":"https:\/\/www.artproject-flocage.fr\/wdp\/wp-json\/wp\/v2\/types\/page"}],"author":[{"embeddable":true,"href":"https:\/\/www.artproject-flocage.fr\/wdp\/wp-json\/wp\/v2\/users\/1"}],"replies":[{"embeddable":true,"href":"https:\/\/www.artproject-flocage.fr\/wdp\/wp-json\/wp\/v2\/comments?post=41"}],"version-history":[{"count":68,"href":"https:\/\/www.artproject-flocage.fr\/wdp\/wp-json\/wp\/v2\/pages\/41\/revisions"}],"predecessor-version":[{"id":1523,"href":"https:\/\/www.artproject-flocage.fr\/wdp\/wp-json\/wp\/v2\/pages\/41\/revisions\/1523"}],"wp:attachment":[{"href":"https:\/\/www.artproject-flocage.fr\/wdp\/wp-json\/wp\/v2\/media?parent=41"}],"curies":[{"name":"wp","href":"https:\/\/api.w.org\/{rel}","templated":true}]}}