{"id":43,"date":"2014-12-07T11:15:32","date_gmt":"2014-12-07T11:15:32","guid":{"rendered":"http:\/\/www.artproject-flocage.fr\/wdp\/?page_id=43"},"modified":"2015-10-20T07:32:21","modified_gmt":"2015-10-20T07:32:21","slug":"isolation-acoustique","status":"publish","type":"page","link":"https:\/\/www.artproject-flocage.fr\/wdp\/isolation-acoustique\/","title":{"rendered":"Anti condensation-Pro"},"content":{"rendered":"<div id='layer_slider_1'  class='avia-layerslider main_color avia-shadow  avia-builder-el-0  el_before_av_heading  avia-builder-el-first  container_wrap fullsize'  style='height: 471px;'  ><\/div><div id='after_layer_slider_1'  class='main_color av_default_container_wrap container_wrap fullsize'  ><div class='container av-section-cont-open' ><div class='template-page content  av-content-full alpha units'><div class='post-entry post-entry-type-page post-entry-43'><div class='entry-content-wrapper clearfix'>\n\n<style type=\"text\/css\" data-created_by=\"avia_inline_auto\" id=\"style-css-av-av_heading-26e4a6ff4613d9231103c818778d4cd3\">\n#top .av-special-heading.av-av_heading-26e4a6ff4613d9231103c818778d4cd3{\npadding-bottom:20px;\ncolor:#7E0000;\n}\nbody .av-special-heading.av-av_heading-26e4a6ff4613d9231103c818778d4cd3 .av-special-heading-tag .heading-char{\nfont-size:25px;\n}\n.av-special-heading.av-av_heading-26e4a6ff4613d9231103c818778d4cd3 .special-heading-inner-border{\nborder-color:#7E0000;\n}\n.av-special-heading.av-av_heading-26e4a6ff4613d9231103c818778d4cd3 .av-subheading{\nfont-size:15px;\n}\n<\/style>\n<div  class='av-special-heading av-av_heading-26e4a6ff4613d9231103c818778d4cd3 av-special-heading-h1 custom-color-heading blockquote modern-quote modern-centered  avia-builder-el-1  el_after_av_layerslider  el_before_av_hr  avia-builder-el-first  av-thin-font'><h1 class='av-special-heading-tag'  itemprop=\"headline\"  ><strong>R\u00e9gulation de condensation<\/strong><\/h1><div class=\"special-heading-border\"><div class=\"special-heading-inner-border\"><\/div><\/div><\/div>\n\n<style type=\"text\/css\" data-created_by=\"avia_inline_auto\" id=\"style-css-av-av_hr-48677ad318d438685ab829b16e758029\">\n#top .hr.av-av_hr-48677ad318d438685ab829b16e758029{\nmargin-top:10px;\nmargin-bottom:50px;\n}\n.hr.av-av_hr-48677ad318d438685ab829b16e758029 .hr-inner{\nwidth:350px;\nmax-width:45%;\n}\n.hr.av-av_hr-48677ad318d438685ab829b16e758029 .av-seperator-icon{\ncolor:#7e0000;\n}\n<\/style>\n<div  class='hr av-av_hr-48677ad318d438685ab829b16e758029 hr-custom  avia-builder-el-2  el_after_av_heading  el_before_av_one_half  hr-center hr-icon-yes'><span class='hr-inner inner-border-av-border-thin'><span class=\"hr-inner-style\"><\/span><\/span><span class='av-seperator-icon' aria-hidden='true' data-av_icon='\ue8cc' data-av_iconfont='entypo-fontello'><\/span><span class='hr-inner inner-border-av-border-thin'><span class=\"hr-inner-style\"><\/span><\/span><\/div>\n\n<style type=\"text\/css\" data-created_by=\"avia_inline_auto\" id=\"style-css-av-av_one_half-352b07ef7d3bc99b2e9f92e7a9e06bdb\">\n.flex_column.av-av_one_half-352b07ef7d3bc99b2e9f92e7a9e06bdb{\nborder-radius:0px 0px 0px 0px;\npadding:0px 0px 0px 0px;\n}\n<\/style>\n<div  class='flex_column av-av_one_half-352b07ef7d3bc99b2e9f92e7a9e06bdb av_one_half  avia-builder-el-3  el_after_av_hr  el_before_av_one_half  first flex_column_div av-zero-column-padding  '     ><style type=\"text\/css\" data-created_by=\"avia_inline_auto\" id=\"style-css-av-av_image-25d96bfa03c83e2b5d938414f05b6586\">\n.avia-image-container.av-av_image-25d96bfa03c83e2b5d938414f05b6586 img.avia_image{\nbox-shadow:none;\n}\n.avia-image-container.av-av_image-25d96bfa03c83e2b5d938414f05b6586 .av-image-caption-overlay-center{\ncolor:#ffffff;\n}\n<\/style>\n<div  class='avia-image-container av-av_image-25d96bfa03c83e2b5d938414f05b6586 av-styling- av-hover-grow avia_animated_image av-animated-when-visible-95 pop-up avia-align-center  avia-builder-el-4  avia-builder-el-no-sibling '   itemprop=\"image\" itemscope=\"itemscope\" itemtype=\"https:\/\/schema.org\/ImageObject\" ><div class=\"avia-image-container-inner\"><div class=\"avia-image-overlay-wrap\"><img fetchpriority=\"high\" class='wp-image-1349 avia-img-lazy-loading-not-1349 avia_image ' src='https:\/\/www.artproject-flocage.fr\/wdp\/wp-content\/uploads\/2014\/12\/Savas-1.png' alt='' title='Savas-1'  height=\"750\" width=\"1000\"  itemprop=\"thumbnailUrl\"  \/><\/div><\/div><\/div><\/div>\n\n<style type=\"text\/css\" data-created_by=\"avia_inline_auto\" id=\"style-css-av-av_one_half-2a64de42b738552fe666ca889af77e28\">\n.flex_column.av-av_one_half-2a64de42b738552fe666ca889af77e28{\nborder-radius:0px 0px 0px 0px;\npadding:0px 0px 0px 0px;\n}\n<\/style>\n<div  class='flex_column av-av_one_half-2a64de42b738552fe666ca889af77e28 av_one_half  avia-builder-el-5  el_after_av_one_half  el_before_av_one_full  flex_column_div av-zero-column-padding  '     ><section  class='av_textblock_section av-av_textblock-0366cc7376be6c9e82a3e9cc8987b64f '   itemscope=\"itemscope\" itemtype=\"https:\/\/schema.org\/CreativeWork\" ><div class='avia_textblock'  itemprop=\"text\" ><ul>\n<ul>\n<ul>\n<li>La condensation qui se produit dans l\u2019ensemble des b\u00e2timents <strong>provoque de graves dommages tels que<\/strong> :\n<ul>\n<ul>\n<ul>\n<li>Corrosion par la rouille des supports m\u00e9talliques<\/li>\n<li>D\u00e9t\u00e9rioration par l\u2019humidit\u00e9 des denr\u00e9es alimentaires stock\u00e9es.<\/li>\n<\/ul>\n<ul>\n<li>Humidification et destructions des supports papiers et cartons.<\/li>\n<\/ul>\n<ul>\n<li>Apparition d\u2019eau ruisselant dans les faux plafonds et les cloisons engendrant moisissures, mauvaises odeurs et t\u00e2ches sur les peintures.<\/li>\n<\/ul>\n<\/ul>\n<\/ul>\n<\/li>\n<\/ul>\n<\/ul>\n<\/ul>\n<ul>\n<ul>\n<ul>\n<li><strong>L\u2019apparition d\u2019eau de condensation<\/strong> est fonction de divers param\u00e8tres tels que :\n<ul>\n<ul>\n<ul>\n<li>Temp\u00e9rature ambiante<\/li>\n<\/ul>\n<\/ul>\n<\/ul>\n<ul>\n<ul>\n<ul>\n<li>Hygrom\u00e9trie relative de l\u2019air<\/li>\n<\/ul>\n<\/ul>\n<\/ul>\n<ul>\n<ul>\n<ul>\n<li>Temp\u00e9rature du support<\/li>\n<\/ul>\n<\/ul>\n<\/ul>\n<ul>\n<ul>\n<ul>\n<li>Point de ros\u00e9e<\/li>\n<\/ul>\n<\/ul>\n<\/ul>\n<\/li>\n<\/ul>\n<\/ul>\n<\/ul>\n<\/div><\/section><\/div>\n\n<style type=\"text\/css\" data-created_by=\"avia_inline_auto\" id=\"style-css-av-av_one_full-352b07ef7d3bc99b2e9f92e7a9e06bdb\">\n.flex_column.av-av_one_full-352b07ef7d3bc99b2e9f92e7a9e06bdb{\nborder-radius:0px 0px 0px 0px;\npadding:0px 0px 0px 0px;\n}\n<\/style>\n<div  class='flex_column av-av_one_full-352b07ef7d3bc99b2e9f92e7a9e06bdb av_one_full  avia-builder-el-7  el_after_av_one_half  el_before_av_one_full  first flex_column_div av-zero-column-padding  column-top-margin'     ><section  class='av_textblock_section av-av_textblock-0366cc7376be6c9e82a3e9cc8987b64f '   itemscope=\"itemscope\" itemtype=\"https:\/\/schema.org\/CreativeWork\" ><div class='avia_textblock'  itemprop=\"text\" ><ul>\n<ul>\n<li>La solution la plus pratique pour combattre ce ph\u00e9nom\u00e8ne de condensation est l\u2019absorption de l\u2019eau au fur et \u00e0 mesure de son apparition par application d&rsquo;un rev\u00eatement sur les sous-faces du b\u00e2timent concern\u00e9.<strong>Gr\u00e2ce \u00e0 une formule sp\u00e9cifiquement \u00e9tudi\u00e9e<\/strong> le produit est directement applicable, par projection, sur les sous- faces de toitures avant montage ou d\u00e9j\u00e0 mont\u00e9es.Il est essentiellement compos\u00e9 de charges min\u00e9rales ayant une tr\u00e8s grande capacit\u00e9 d\u2019absorption d\u2019eau, li\u00e9es par une \u00e9mulsion vinylique, <strong>totalement incombustible<\/strong> (classement M0).\n<p><strong>L\u2019application du rev\u00eatement sur un support :<\/strong><\/p>\n<ul>\n<ul>\n<ul>\n<li>Evite tous les probl\u00e8mes dus \u00e0 la condensation.<\/li>\n<\/ul>\n<\/ul>\n<\/ul>\n<ul>\n<ul>\n<ul>\n<li>Permet de r\u00e9duire les vibrations dues aux chocs ext\u00e9rieurs sur la toiture (pluie&#8230;)<\/li>\n<\/ul>\n<\/ul>\n<\/ul>\n<ul>\n<ul>\n<ul>\n<li>Diminue notablement les nuisances dues aux bruits ext\u00e9rieurs en isolant phoniquement le local.<\/li>\n<\/ul>\n<\/ul>\n<\/ul>\n<ul>\n<ul>\n<ul>\n<li>Am\u00e9liore notablement le confort thermique du b\u00e2timent.<\/li>\n<\/ul>\n<\/ul>\n<\/ul>\n<\/li>\n<\/ul>\n<\/ul>\n<\/div><\/section><\/div>\n<style type=\"text\/css\" data-created_by=\"avia_inline_auto\" id=\"style-css-av-av_one_full-352b07ef7d3bc99b2e9f92e7a9e06bdb\">\n.flex_column.av-av_one_full-352b07ef7d3bc99b2e9f92e7a9e06bdb{\nborder-radius:0px 0px 0px 0px;\npadding:0px 0px 0px 0px;\n}\n<\/style>\n<div  class='flex_column av-av_one_full-352b07ef7d3bc99b2e9f92e7a9e06bdb av_one_full  avia-builder-el-9  el_after_av_one_full  el_before_av_hr  first flex_column_div av-zero-column-padding  column-top-margin'     ><style type=\"text\/css\" data-created_by=\"avia_inline_auto\" id=\"style-css-av-av_textblock-04a24c66ecc2413daace6e63a4ac91fd\">\n#top .av_textblock_section.av-av_textblock-04a24c66ecc2413daace6e63a4ac91fd .avia_textblock{\nfont-size:18px;\n}\n<\/style>\n<section  class='av_textblock_section av-av_textblock-04a24c66ecc2413daace6e63a4ac91fd '   itemscope=\"itemscope\" itemtype=\"https:\/\/schema.org\/CreativeWork\" ><div class='avia_textblock'  itemprop=\"text\" ><ul>\n<li>Afin d\u2019\u00e9viter la condensation sur les <strong>bacs aciers de toiture, les planchers b\u00e9tons et \/ou le plancher hourdis<\/strong>, nous projetons un produit \u00e0 base de charges min\u00e9rales ayant une tr\u00e8s grande capacit\u00e9 d\u2019absorption d\u2019eau ( <strong>entre 2 et 5mm<\/strong> ).Cette technique \u00e0 plusieurs caract\u00e9ristiques : elle est d\u00e9corative, anti-vibratile, acoustique et anti-corrosion.<\/li>\n<\/ul>\n<\/div><\/section><\/div><\/p>\n\n<style type=\"text\/css\" data-created_by=\"avia_inline_auto\" id=\"style-css-av-av_hr-48677ad318d438685ab829b16e758029\">\n#top .hr.av-av_hr-48677ad318d438685ab829b16e758029{\nmargin-top:10px;\nmargin-bottom:50px;\n}\n.hr.av-av_hr-48677ad318d438685ab829b16e758029 .hr-inner{\nwidth:350px;\nmax-width:45%;\n}\n.hr.av-av_hr-48677ad318d438685ab829b16e758029 .av-seperator-icon{\ncolor:#7e0000;\n}\n<\/style>\n<div  class='hr av-av_hr-48677ad318d438685ab829b16e758029 hr-custom  avia-builder-el-11  el_after_av_one_full  el_before_av_one_half  hr-center hr-icon-yes'><span class='hr-inner inner-border-av-border-thin'><span class=\"hr-inner-style\"><\/span><\/span><span class='av-seperator-icon' aria-hidden='true' data-av_icon='\ue8cc' data-av_iconfont='entypo-fontello'><\/span><span class='hr-inner inner-border-av-border-thin'><span class=\"hr-inner-style\"><\/span><\/span><\/div>\n\n<style type=\"text\/css\" data-created_by=\"avia_inline_auto\" id=\"style-css-av-av_one_half-352b07ef7d3bc99b2e9f92e7a9e06bdb\">\n.flex_column.av-av_one_half-352b07ef7d3bc99b2e9f92e7a9e06bdb{\nborder-radius:0px 0px 0px 0px;\npadding:0px 0px 0px 0px;\n}\n<\/style>\n<div  class='flex_column av-av_one_half-352b07ef7d3bc99b2e9f92e7a9e06bdb av_one_half  avia-builder-el-12  el_after_av_hr  el_before_av_one_half  first flex_column_div av-zero-column-padding  '     ><div id='av-masonry-1' class='av-masonry av-av_masonry_gallery-110a7fbc7f1edfa8f0b3c796f3a0a6f2 noHover av-fixed-size av-large-gap av-hover-overlay-active av-masonry-animation-active av-masonry-col-2 av-caption-always av-caption-style- av-masonry-gallery ' data-post_id=\"43\"><div class=\"av-masonry-container isotope av-js-disabled\"><div class='av-masonry-entry isotope-item av-masonry-item-no-image '><\/div><a href=\"https:\/\/www.artproject-flocage.fr\/wdp\/wp-content\/uploads\/2015\/08\/Savas-5.jpg\"  aria-label=\"image Savas-5\"  id='av-masonry-1-item-905' data-av-masonry-item='905' class='av-masonry-entry isotope-item post-905 attachment type-attachment status-inherit hentry  av-masonry-item-with-image av-landscape-img' title=\"Savas-5\" alt=\"\"    itemprop=\"thumbnailUrl\" ><div class='av-inner-masonry-sizer'><\/div><figure class='av-inner-masonry main_color'><div class=\"av-masonry-outerimage-container\"><div class='av-masonry-image-container' style=\"background-image: url(https:\/\/www.artproject-flocage.fr\/wdp\/wp-content\/uploads\/2015\/08\/Savas-5.jpg);\"  title=\"Savas-5\"  ><\/div><\/div><\/figure><\/a><!--end av-masonry entry--><a href=\"https:\/\/www.artproject-flocage.fr\/wdp\/wp-content\/uploads\/2015\/08\/Savas-4.jpg\"  aria-label=\"image Savas-4\"  id='av-masonry-1-item-904' data-av-masonry-item='904' class='av-masonry-entry isotope-item post-904 attachment type-attachment status-inherit hentry  av-masonry-item-with-image av-landscape-img' title=\"Savas-4\" alt=\"\"    itemprop=\"thumbnailUrl\" ><div class='av-inner-masonry-sizer'><\/div><figure class='av-inner-masonry main_color'><div class=\"av-masonry-outerimage-container\"><div class='av-masonry-image-container' style=\"background-image: url(https:\/\/www.artproject-flocage.fr\/wdp\/wp-content\/uploads\/2015\/08\/Savas-4.jpg);\"  title=\"Savas-4\"  ><\/div><\/div><\/figure><\/a><!--end av-masonry entry--><a href=\"https:\/\/www.artproject-flocage.fr\/wdp\/wp-content\/uploads\/2015\/08\/Savas-3.jpg\"  aria-label=\"image Savas-3\"  id='av-masonry-1-item-903' data-av-masonry-item='903' class='av-masonry-entry isotope-item post-903 attachment type-attachment status-inherit hentry  av-masonry-item-with-image av-landscape-img' title=\"Savas-3\" alt=\"\"    itemprop=\"thumbnailUrl\" ><div class='av-inner-masonry-sizer'><\/div><figure class='av-inner-masonry main_color'><div class=\"av-masonry-outerimage-container\"><div class='av-masonry-image-container' style=\"background-image: url(https:\/\/www.artproject-flocage.fr\/wdp\/wp-content\/uploads\/2015\/08\/Savas-3-705x397.jpg);\"  title=\"Savas-3\"  ><\/div><\/div><\/figure><\/a><!--end av-masonry entry--><a href=\"https:\/\/www.artproject-flocage.fr\/wdp\/wp-content\/uploads\/2015\/08\/Savas-2.jpg\"  aria-label=\"image Savas-2\"  id='av-masonry-1-item-902' data-av-masonry-item='902' class='av-masonry-entry isotope-item post-902 attachment type-attachment status-inherit hentry  av-masonry-item-with-image av-landscape-img' title=\"Savas-2\" alt=\"\"    itemprop=\"thumbnailUrl\" ><div class='av-inner-masonry-sizer'><\/div><figure class='av-inner-masonry main_color'><div class=\"av-masonry-outerimage-container\"><div class='av-masonry-image-container' style=\"background-image: url(https:\/\/www.artproject-flocage.fr\/wdp\/wp-content\/uploads\/2015\/08\/Savas-2-705x397.jpg);\"  title=\"Savas-2\"  ><\/div><\/div><\/figure><\/a><!--end av-masonry entry--><a href=\"https:\/\/www.artproject-flocage.fr\/wdp\/wp-content\/uploads\/2015\/08\/Savas-1.jpg\"  aria-label=\"image Savas-1\"  id='av-masonry-1-item-901' data-av-masonry-item='901' class='av-masonry-entry isotope-item post-901 attachment type-attachment status-inherit hentry  av-masonry-item-with-image av-landscape-img' title=\"Savas-1\" alt=\"\"    itemprop=\"thumbnailUrl\" ><div class='av-inner-masonry-sizer'><\/div><figure class='av-inner-masonry main_color'><div class=\"av-masonry-outerimage-container\"><div class='av-masonry-image-container' style=\"background-image: url(https:\/\/www.artproject-flocage.fr\/wdp\/wp-content\/uploads\/2015\/08\/Savas-1.jpg);\"  title=\"Savas-1\"  ><\/div><\/div><\/figure><\/a><!--end av-masonry entry--><\/div><\/div><\/div>\n\n<style type=\"text\/css\" data-created_by=\"avia_inline_auto\" id=\"style-css-av-av_one_half-2a64de42b738552fe666ca889af77e28\">\n.flex_column.av-av_one_half-2a64de42b738552fe666ca889af77e28{\nborder-radius:0px 0px 0px 0px;\npadding:0px 0px 0px 0px;\n}\n<\/style>\n<div  class='flex_column av-av_one_half-2a64de42b738552fe666ca889af77e28 av_one_half  avia-builder-el-14  el_after_av_one_half  avia-builder-el-last  flex_column_div av-zero-column-padding  '     ><p>\n<style type=\"text\/css\" data-created_by=\"avia_inline_auto\" id=\"style-css-av-av_heading-cda48c185611c4fde91815d81ad76ace\">\n#top .av-special-heading.av-av_heading-cda48c185611c4fde91815d81ad76ace{\npadding-bottom:10px;\n}\nbody .av-special-heading.av-av_heading-cda48c185611c4fde91815d81ad76ace .av-special-heading-tag .heading-char{\nfont-size:25px;\n}\n.av-special-heading.av-av_heading-cda48c185611c4fde91815d81ad76ace .av-subheading{\nfont-size:15px;\n}\n<\/style>\n<div  class='av-special-heading av-av_heading-cda48c185611c4fde91815d81ad76ace av-special-heading-h2 blockquote modern-quote  avia-builder-el-15  el_before_av_hr  avia-builder-el-first  av-thin-font'><h2 class='av-special-heading-tag'  itemprop=\"headline\"  ><strong>Savas<\/strong><\/h2><div class=\"special-heading-border\"><div class=\"special-heading-inner-border\"><\/div><\/div><\/div><br \/>\n<div  class='hr av-av_hr-7baa9936fe5691b53f4ae1c79d4cc23f hr-short  avia-builder-el-16  el_after_av_heading  el_before_av_textblock  hr-left'><span class='hr-inner '><span class=\"hr-inner-style\"><\/span><\/span><\/div><br \/>\n<section  class='av_textblock_section av-av_textblock-0366cc7376be6c9e82a3e9cc8987b64f '   itemscope=\"itemscope\" itemtype=\"https:\/\/schema.org\/CreativeWork\" ><div class='avia_textblock'  itemprop=\"text\" ><div class=\"entry-content-wrapper entry-content\">\n<p><strong>Bressuire<\/strong><\/p>\n<p><strong style=\"color: #7e0000;\">Travaux r\u00e9aliser :<\/strong><\/p>\n<p>Application du rev\u00eatement sur les sous-faces du b\u00e2timent concern\u00e9.<\/p>\n<p>Applicable, par projection, sur les sous- faces de toitures.<\/p>\n<p>Le rev\u00eatement est compos\u00e9 de charges min\u00e9rales ayant une tr\u00e8s grande capacit\u00e9 d\u2019absorption d\u2019eau, li\u00e9es par une \u00e9mulsion vinylique,<strong> totalement incombustible<\/strong> (classement M0).<\/p>\n<p>L\u2019application du rev\u00eatement sur un support :<\/p>\n<ul>\n<ul>\n<li>Evite tous les probl\u00e8mes dus \u00e0 la condensation.<\/li>\n<\/ul>\n<\/ul>\n<ul>\n<ul>\n<li>Permet de r\u00e9duire les vibrations dues aux chocs ext\u00e9rieurs sur la toiture (pluie\u2026)<\/li>\n<\/ul>\n<\/ul>\n<ul>\n<ul>\n<li>Diminue notablement les nuisances dues aux bruits ext\u00e9rieurs en isolant phoniquement le local.<\/li>\n<\/ul>\n<\/ul>\n<ul>\n<ul>\n<li>Am\u00e9liore notablement le confort thermique du b\u00e2timent.<\/li>\n<\/ul>\n<\/ul>\n<p><strong><span style=\"color: #7e0000;\">Surface :<\/span><\/strong> 600 m<sup>2<\/sup><\/p>\n<\/div>\n<\/div><\/section><br \/>\n<div  class='hr av-av_hr-7baa9936fe5691b53f4ae1c79d4cc23f hr-short  avia-builder-el-18  el_after_av_textblock  avia-builder-el-last  hr-left'><span class='hr-inner '><span class=\"hr-inner-style\"><\/span><\/span><\/div><\/p><\/div>\n","protected":false},"excerpt":{"rendered":"","protected":false},"author":1,"featured_media":0,"parent":0,"menu_order":0,"comment_status":"open","ping_status":"open","template":"","meta":{"footnotes":""},"yoast_head":"<!-- This site is optimized with the Yoast SEO plugin v19.11 - https:\/\/yoast.com\/wordpress\/plugins\/seo\/ -->\n<title>Art Project - Anti condensation<\/title>\n<meta name=\"description\" content=\"Afin d\u2019\u00e9viter la condensation sur les bacs aciers de toiture, les planchers b\u00e9tons et \/ou le plancher hourdis, nous projetons un produit \u00e0 base de charges min\u00e9rales ayant une tr\u00e8s grande capacit\u00e9 d\u2019absorption d\u2019eau.\" \/>\n<meta name=\"robots\" content=\"index, follow, max-snippet:-1, max-image-preview:large, max-video-preview:-1\" \/>\n<link rel=\"canonical\" href=\"https:\/\/www.artproject-flocage.fr\/wdp\/isolation-acoustique\/\" \/>\n<meta property=\"og:locale\" content=\"fr_FR\" \/>\n<meta property=\"og:type\" content=\"article\" \/>\n<meta property=\"og:title\" content=\"Art Project - Anti condensation\" \/>\n<meta property=\"og:description\" content=\"Afin d\u2019\u00e9viter la condensation sur les bacs aciers de toiture, les planchers b\u00e9tons et \/ou le plancher hourdis, nous projetons un produit \u00e0 base de charges min\u00e9rales ayant une tr\u00e8s grande capacit\u00e9 d\u2019absorption d\u2019eau.\" \/>\n<meta property=\"og:url\" content=\"https:\/\/www.artproject-flocage.fr\/wdp\/isolation-acoustique\/\" \/>\n<meta property=\"og:site_name\" content=\"Art Project\" \/>\n<meta property=\"article:modified_time\" content=\"2015-10-20T07:32:21+00:00\" \/>\n<meta name=\"twitter:card\" content=\"summary_large_image\" \/>\n<meta name=\"twitter:label1\" content=\"Dur\u00e9e de lecture estim\u00e9e\" \/>\n\t<meta name=\"twitter:data1\" content=\"5 minutes\" \/>\n<script type=\"application\/ld+json\" class=\"yoast-schema-graph\">{\"@context\":\"https:\/\/schema.org\",\"@graph\":[{\"@type\":\"WebPage\",\"@id\":\"https:\/\/www.artproject-flocage.fr\/wdp\/isolation-acoustique\/\",\"url\":\"https:\/\/www.artproject-flocage.fr\/wdp\/isolation-acoustique\/\",\"name\":\"Art Project - Anti condensation\",\"isPartOf\":{\"@id\":\"https:\/\/www.artproject-flocage.fr\/wdp\/#website\"},\"datePublished\":\"2014-12-07T11:15:32+00:00\",\"dateModified\":\"2015-10-20T07:32:21+00:00\",\"description\":\"Afin d\u2019\u00e9viter la condensation sur les bacs aciers de toiture, les planchers b\u00e9tons et \/ou le plancher hourdis, nous projetons un produit \u00e0 base de charges min\u00e9rales ayant une tr\u00e8s grande capacit\u00e9 d\u2019absorption d\u2019eau.\",\"breadcrumb\":{\"@id\":\"https:\/\/www.artproject-flocage.fr\/wdp\/isolation-acoustique\/#breadcrumb\"},\"inLanguage\":\"fr-FR\",\"potentialAction\":[{\"@type\":\"ReadAction\",\"target\":[\"https:\/\/www.artproject-flocage.fr\/wdp\/isolation-acoustique\/\"]}]},{\"@type\":\"BreadcrumbList\",\"@id\":\"https:\/\/www.artproject-flocage.fr\/wdp\/isolation-acoustique\/#breadcrumb\",\"itemListElement\":[{\"@type\":\"ListItem\",\"position\":1,\"name\":\"Accueil\",\"item\":\"https:\/\/www.artproject-flocage.fr\/wdp\/\"},{\"@type\":\"ListItem\",\"position\":2,\"name\":\"Anti condensation-Pro\"}]},{\"@type\":\"WebSite\",\"@id\":\"https:\/\/www.artproject-flocage.fr\/wdp\/#website\",\"url\":\"https:\/\/www.artproject-flocage.fr\/wdp\/\",\"name\":\"Art Project\",\"description\":\"Flocage Souflage Panneaux Isolation thermique\",\"potentialAction\":[{\"@type\":\"SearchAction\",\"target\":{\"@type\":\"EntryPoint\",\"urlTemplate\":\"https:\/\/www.artproject-flocage.fr\/wdp\/?s={search_term_string}\"},\"query-input\":\"required name=search_term_string\"}],\"inLanguage\":\"fr-FR\"}]}<\/script>\n<!-- \/ Yoast SEO plugin. -->","yoast_head_json":{"title":"Art Project - Anti condensation","description":"Afin d\u2019\u00e9viter la condensation sur les bacs aciers de toiture, les planchers b\u00e9tons et \/ou le plancher hourdis, nous projetons un produit \u00e0 base de charges min\u00e9rales ayant une tr\u00e8s grande capacit\u00e9 d\u2019absorption d\u2019eau.","robots":{"index":"index","follow":"follow","max-snippet":"max-snippet:-1","max-image-preview":"max-image-preview:large","max-video-preview":"max-video-preview:-1"},"canonical":"https:\/\/www.artproject-flocage.fr\/wdp\/isolation-acoustique\/","og_locale":"fr_FR","og_type":"article","og_title":"Art Project - Anti condensation","og_description":"Afin d\u2019\u00e9viter la condensation sur les bacs aciers de toiture, les planchers b\u00e9tons et \/ou le plancher hourdis, nous projetons un produit \u00e0 base de charges min\u00e9rales ayant une tr\u00e8s grande capacit\u00e9 d\u2019absorption d\u2019eau.","og_url":"https:\/\/www.artproject-flocage.fr\/wdp\/isolation-acoustique\/","og_site_name":"Art Project","article_modified_time":"2015-10-20T07:32:21+00:00","twitter_card":"summary_large_image","twitter_misc":{"Dur\u00e9e de lecture estim\u00e9e":"5 minutes"},"schema":{"@context":"https:\/\/schema.org","@graph":[{"@type":"WebPage","@id":"https:\/\/www.artproject-flocage.fr\/wdp\/isolation-acoustique\/","url":"https:\/\/www.artproject-flocage.fr\/wdp\/isolation-acoustique\/","name":"Art Project - Anti condensation","isPartOf":{"@id":"https:\/\/www.artproject-flocage.fr\/wdp\/#website"},"datePublished":"2014-12-07T11:15:32+00:00","dateModified":"2015-10-20T07:32:21+00:00","description":"Afin d\u2019\u00e9viter la condensation sur les bacs aciers de toiture, les planchers b\u00e9tons et \/ou le plancher hourdis, nous projetons un produit \u00e0 base de charges min\u00e9rales ayant une tr\u00e8s grande capacit\u00e9 d\u2019absorption d\u2019eau.","breadcrumb":{"@id":"https:\/\/www.artproject-flocage.fr\/wdp\/isolation-acoustique\/#breadcrumb"},"inLanguage":"fr-FR","potentialAction":[{"@type":"ReadAction","target":["https:\/\/www.artproject-flocage.fr\/wdp\/isolation-acoustique\/"]}]},{"@type":"BreadcrumbList","@id":"https:\/\/www.artproject-flocage.fr\/wdp\/isolation-acoustique\/#breadcrumb","itemListElement":[{"@type":"ListItem","position":1,"name":"Accueil","item":"https:\/\/www.artproject-flocage.fr\/wdp\/"},{"@type":"ListItem","position":2,"name":"Anti condensation-Pro"}]},{"@type":"WebSite","@id":"https:\/\/www.artproject-flocage.fr\/wdp\/#website","url":"https:\/\/www.artproject-flocage.fr\/wdp\/","name":"Art Project","description":"Flocage Souflage Panneaux Isolation thermique","potentialAction":[{"@type":"SearchAction","target":{"@type":"EntryPoint","urlTemplate":"https:\/\/www.artproject-flocage.fr\/wdp\/?s={search_term_string}"},"query-input":"required name=search_term_string"}],"inLanguage":"fr-FR"}]}},"_links":{"self":[{"href":"https:\/\/www.artproject-flocage.fr\/wdp\/wp-json\/wp\/v2\/pages\/43"}],"collection":[{"href":"https:\/\/www.artproject-flocage.fr\/wdp\/wp-json\/wp\/v2\/pages"}],"about":[{"href":"https:\/\/www.artproject-flocage.fr\/wdp\/wp-json\/wp\/v2\/types\/page"}],"author":[{"embeddable":true,"href":"https:\/\/www.artproject-flocage.fr\/wdp\/wp-json\/wp\/v2\/users\/1"}],"replies":[{"embeddable":true,"href":"https:\/\/www.artproject-flocage.fr\/wdp\/wp-json\/wp\/v2\/comments?post=43"}],"version-history":[{"count":48,"href":"https:\/\/www.artproject-flocage.fr\/wdp\/wp-json\/wp\/v2\/pages\/43\/revisions"}],"predecessor-version":[{"id":1522,"href":"https:\/\/www.artproject-flocage.fr\/wdp\/wp-json\/wp\/v2\/pages\/43\/revisions\/1522"}],"wp:attachment":[{"href":"https:\/\/www.artproject-flocage.fr\/wdp\/wp-json\/wp\/v2\/media?parent=43"}],"curies":[{"name":"wp","href":"https:\/\/api.w.org\/{rel}","templated":true}]}}