{"id":1060,"date":"2015-08-09T15:16:51","date_gmt":"2015-08-09T15:16:51","guid":{"rendered":"http:\/\/www.artproject-flocage.fr\/wdp\/?page_id=1060"},"modified":"2015-10-20T08:02:03","modified_gmt":"2015-10-20T08:02:03","slug":"nettoyage-de-toiture","status":"publish","type":"page","link":"https:\/\/www.artproject-flocage.fr\/wdp2\/nettoyage-de-toiture\/","title":{"rendered":"Nettoyage de toiture"},"content":{"rendered":"<div id='layer_slider_1'  class='avia-layerslider main_color avia-shadow  avia-builder-el-0  el_before_av_heading  avia-builder-el-first  container_wrap fullsize'  style='height: 471px;'  ><\/div><div id='after_layer_slider_1'  class='main_color av_default_container_wrap container_wrap fullsize'  ><div class='container av-section-cont-open' ><div class='template-page content  av-content-full alpha units'><div class='post-entry post-entry-type-page post-entry-1060'><div class='entry-content-wrapper clearfix'>\n\n<style type=\"text\/css\" data-created_by=\"avia_inline_auto\" id=\"style-css-av-av_heading-c9bf8114403883e4d7ebdff91ba9ff91\">\n#top .av-special-heading.av-av_heading-c9bf8114403883e4d7ebdff91ba9ff91{\npadding-bottom:20px;\ncolor:#7E0000;\n}\nbody .av-special-heading.av-av_heading-c9bf8114403883e4d7ebdff91ba9ff91 .av-special-heading-tag .heading-char{\nfont-size:25px;\n}\n.av-special-heading.av-av_heading-c9bf8114403883e4d7ebdff91ba9ff91 .special-heading-inner-border{\nborder-color:#7E0000;\n}\n.av-special-heading.av-av_heading-c9bf8114403883e4d7ebdff91ba9ff91 .av-subheading{\nfont-size:15px;\n}\n<\/style>\n<div  class='av-special-heading av-av_heading-c9bf8114403883e4d7ebdff91ba9ff91 av-special-heading-h1 custom-color-heading blockquote modern-quote modern-centered  avia-builder-el-1  el_after_av_layerslider  el_before_av_hr  avia-builder-el-first  av-thin-font'><h1 class='av-special-heading-tag'  itemprop=\"headline\"  ><strong>Nettoyage de toiture<\/strong><\/h1><div class=\"special-heading-border\"><div class=\"special-heading-inner-border\"><\/div><\/div><\/div>\n\n<style type=\"text\/css\" data-created_by=\"avia_inline_auto\" id=\"style-css-av-av_hr-f8885df5719216b39f526c935095652e\">\n#top .hr.av-av_hr-f8885df5719216b39f526c935095652e{\nmargin-top:10px;\nmargin-bottom:30px;\n}\n.hr.av-av_hr-f8885df5719216b39f526c935095652e .hr-inner{\nwidth:350px;\nmax-width:45%;\n}\n.hr.av-av_hr-f8885df5719216b39f526c935095652e .av-seperator-icon{\ncolor:#7e0000;\n}\n<\/style>\n<div  class='hr av-av_hr-f8885df5719216b39f526c935095652e hr-custom  avia-builder-el-2  el_after_av_heading  el_before_av_one_half  hr-center hr-icon-yes'><span class='hr-inner inner-border-av-border-thin'><span class=\"hr-inner-style\"><\/span><\/span><span class='av-seperator-icon' aria-hidden='true' data-av_icon='\ue821' data-av_iconfont='entypo-fontello'><\/span><span class='hr-inner inner-border-av-border-thin'><span class=\"hr-inner-style\"><\/span><\/span><\/div>\n\n<style type=\"text\/css\" data-created_by=\"avia_inline_auto\" id=\"style-css-av-av_one_half-352b07ef7d3bc99b2e9f92e7a9e06bdb\">\n.flex_column.av-av_one_half-352b07ef7d3bc99b2e9f92e7a9e06bdb{\nborder-radius:0px 0px 0px 0px;\npadding:0px 0px 0px 0px;\n}\n<\/style>\n<div  class='flex_column av-av_one_half-352b07ef7d3bc99b2e9f92e7a9e06bdb av_one_half  avia-builder-el-3  el_after_av_hr  el_before_av_one_half  first flex_column_div av-zero-column-padding  '     ><section  class='av_textblock_section av-av_textblock-0366cc7376be6c9e82a3e9cc8987b64f '   itemscope=\"itemscope\" itemtype=\"https:\/\/schema.org\/CreativeWork\" ><div class='avia_textblock'  itemprop=\"text\" ><h3 class=\"media-heading\">Nettoyer\u00a0sa toiture pour pr\u00e9server votre maison<\/h3>\n<ul>\n<li><strong>Les rayons UV, les intemp\u00e9ries, la pollution et le vieillissement naturel dus \u00e0 l&rsquo;\u00e9rosion agressent naturellement les mat\u00e9riaux de votre toiture.<\/strong><br \/>\nAvec le temps votre toiture devient poreuse et perd de son \u00e9tanch\u00e9it\u00e9 laissant appara\u00eetre une prolif\u00e9ration de v\u00e9g\u00e9taux (algues, mousses et lichens), diminuant ainsi l&rsquo;efficacit\u00e9 des mat\u00e9riaux\u00a0(tuiles, ardoises\u2026).En nettoyant votre toiture, vous prot\u00e9gez votre toit durablement. La toiture tient un r\u00f4le pr\u00e9pond\u00e9rant dans l\u2019esth\u00e9tique et la prot\u00e8ge contre les agressions ext\u00e9rieures.<\/li>\n<\/ul>\n<\/div><\/section><\/div>\n\n<style type=\"text\/css\" data-created_by=\"avia_inline_auto\" id=\"style-css-av-av_one_half-2a64de42b738552fe666ca889af77e28\">\n.flex_column.av-av_one_half-2a64de42b738552fe666ca889af77e28{\nborder-radius:0px 0px 0px 0px;\npadding:0px 0px 0px 0px;\n}\n<\/style>\n<div  class='flex_column av-av_one_half-2a64de42b738552fe666ca889af77e28 av_one_half  avia-builder-el-5  el_after_av_one_half  el_before_av_one_full  flex_column_div av-zero-column-padding  '     ><section  class='av_textblock_section av-av_textblock-0366cc7376be6c9e82a3e9cc8987b64f '   itemscope=\"itemscope\" itemtype=\"https:\/\/schema.org\/CreativeWork\" ><div class='avia_textblock'  itemprop=\"text\" ><ul>\n<li>\n<p class=\"p1\"><span class=\"s1\"><strong>Art Project<\/strong> vous propose un traitement professionnel en appliquant un agent d&rsquo;assainissement efficace pour tous types de toit agissant en profondeur sur les agressions ext\u00e9rieures et diminuer l&rsquo;encrassement.<br \/>\n<\/span><\/p>\n<p>Les supports (ardoise naturelle, tuile m\u00e9canique, b\u00e9ton fibro-ciment fibro-ardois\u00e9) sont naturellement plus ou moins poreux et les cons\u00e9quences de l\u2019humidit\u00e9 varient selon leur nature : <strong>d\u2019un nettoyage de surface, d\u2019un traitement de masse et en profondeur, d\u2019une protection de surface du support.<\/strong><\/li>\n<\/ul>\n<\/div><\/section><\/div>\n\n<style type=\"text\/css\" data-created_by=\"avia_inline_auto\" id=\"style-css-av-av_one_full-352b07ef7d3bc99b2e9f92e7a9e06bdb\">\n.flex_column.av-av_one_full-352b07ef7d3bc99b2e9f92e7a9e06bdb{\nborder-radius:0px 0px 0px 0px;\npadding:0px 0px 0px 0px;\n}\n<\/style>\n<div  class='flex_column av-av_one_full-352b07ef7d3bc99b2e9f92e7a9e06bdb av_one_full  avia-builder-el-7  el_after_av_one_half  el_before_av_hr  first flex_column_div av-zero-column-padding  column-top-margin'     ><style type=\"text\/css\" data-created_by=\"avia_inline_auto\" id=\"style-css-av-av_textblock-04a24c66ecc2413daace6e63a4ac91fd\">\n#top .av_textblock_section.av-av_textblock-04a24c66ecc2413daace6e63a4ac91fd .avia_textblock{\nfont-size:18px;\n}\n<\/style>\n<section  class='av_textblock_section av-av_textblock-04a24c66ecc2413daace6e63a4ac91fd '   itemscope=\"itemscope\" itemtype=\"https:\/\/schema.org\/CreativeWork\" ><div class='avia_textblock'  itemprop=\"text\" ><h3 style=\"text-align: center;\"><strong style=\"color: #7e0000;\">Le nettoyage professionnel de la toiture permet dans la grande majorit\u00e9 des cas d&rsquo;\u00e9viter le changement de celle-ci.<br \/>\nCe traitement permet de r\u00e9nover votre toiture de fa\u00e7on durable.<\/strong><\/h3>\n<\/div><\/section><\/div>\n\n<style type=\"text\/css\" data-created_by=\"avia_inline_auto\" id=\"style-css-av-av_hr-0688d0b0b6ed2f8b057db7a8270206df\">\n#top .hr.hr-invisible.av-av_hr-0688d0b0b6ed2f8b057db7a8270206df{\nheight:50px;\n}\n<\/style>\n<div  class='hr av-av_hr-0688d0b0b6ed2f8b057db7a8270206df hr-invisible  avia-builder-el-9  el_after_av_one_full  el_before_av_image '><span class='hr-inner '><span class=\"hr-inner-style\"><\/span><\/span><\/div>\n\n<style type=\"text\/css\" data-created_by=\"avia_inline_auto\" id=\"style-css-av-av_image-2a3970093429ea9b147a5f62e1c9b05d\">\n.avia-image-container.av-av_image-2a3970093429ea9b147a5f62e1c9b05d img.avia_image{\nbox-shadow:none;\n}\n.avia-image-container.av-av_image-2a3970093429ea9b147a5f62e1c9b05d .av-image-caption-overlay-center{\ncolor:#ffffff;\n}\n<\/style>\n<div  class='avia-image-container av-av_image-2a3970093429ea9b147a5f62e1c9b05d av-styling- avia-align-center  avia-builder-el-10  el_after_av_hr  el_before_av_hr '   itemprop=\"image\" itemscope=\"itemscope\" itemtype=\"https:\/\/schema.org\/ImageObject\" ><div class=\"avia-image-container-inner\"><div class=\"avia-image-overlay-wrap\"><img fetchpriority=\"high\" class='wp-image-1067 avia-img-lazy-loading-not-1067 avia_image ' src='https:\/\/www.artproject-flocage.fr\/wdp2\/wp-content\/uploads\/2015\/08\/nettoyage-de-toiture1.jpg' alt='' title='nettoyage-de-toiture'  height=\"291\" width=\"566\"  itemprop=\"thumbnailUrl\"  \/><\/div><\/div><\/div>\n\n<style type=\"text\/css\" data-created_by=\"avia_inline_auto\" id=\"style-css-av-av_hr-0688d0b0b6ed2f8b057db7a8270206df\">\n#top .hr.hr-invisible.av-av_hr-0688d0b0b6ed2f8b057db7a8270206df{\nheight:50px;\n}\n<\/style>\n<div  class='hr av-av_hr-0688d0b0b6ed2f8b057db7a8270206df hr-invisible  avia-builder-el-11  el_after_av_image  el_before_av_textblock '><span class='hr-inner '><span class=\"hr-inner-style\"><\/span><\/span><\/div>\n<section  class='av_textblock_section av-av_textblock-0366cc7376be6c9e82a3e9cc8987b64f '   itemscope=\"itemscope\" itemtype=\"https:\/\/schema.org\/CreativeWork\" ><div class='avia_textblock'  itemprop=\"text\" ><p style=\"text-align: center;\"><a href=\"http:\/\/www.artproject-flocage.fr\/wdp2\/wp-content\/uploads\/2014\/12\/logo-capeb-accueil.jpg\"><img loading=\"lazy\" decoding=\"async\" class=\"aligncenter size-full wp-image-1329\" src=\"http:\/\/www.artproject-flocage.fr\/wdp2\/wp-content\/uploads\/2014\/12\/logo-capeb-accueil.jpg\" alt=\"logo-capeb-accueil\" width=\"150\" height=\"63\" \/><\/a>Notre soci\u00e9t\u00e9 est <strong style=\"color: #7e0000;\">affili\u00e9e \u00e0 la CAPEB, <\/strong> pour plus de renseignements : <a style=\"color: #7e0000;\" href=\"http:\/\/www.capeb.fr\"> Conf\u00e9d\u00e9ration de l&rsquo;Artisanat et des Petites Entreprises du B\u00e2timent. <\/a><br \/>\nNos produits utilis\u00e9s sont certifi\u00e9s <strong style=\"color: #7e0000;\">conformes aux normes europ\u00e9ennes <\/strong><strong>: ACERMI, CSTB &#8230; <\/strong><\/p>\n<p style=\"text-align: center;\"><img loading=\"lazy\" decoding=\"async\" class=\"aligncenter size-full wp-image-1434\" src=\"http:\/\/www.artproject-flocage.fr\/wdp\/wp-content\/uploads\/2015\/10\/AP-Slider-Layer-logo-4.png\" alt=\"AP-Slider-Layer-logo-4\" width=\"81\" height=\"120\" \/><\/p>\n<p style=\"text-align: center;\"><strong>N\u00b07122<\/strong> &#8211; Isolation thermique par l&rsquo;int\u00e9rieur ( Technicit\u00e9 confirm\u00e9e )<br \/>\n<strong>N\u00b07142<\/strong> &#8211; Isolation thermique &#8211; correction acoustique par projection &#8211; injection<\/p>\n<\/div><\/section>\n","protected":false},"excerpt":{"rendered":"","protected":false},"author":1,"featured_media":0,"parent":0,"menu_order":0,"comment_status":"open","ping_status":"open","template":"","meta":{"footnotes":""},"yoast_head":"<!-- This site is optimized with the Yoast SEO plugin v19.11 - https:\/\/yoast.com\/wordpress\/plugins\/seo\/ -->\n<title>Art Project - Nettoyage de toiture<\/title>\n<meta name=\"description\" content=\"Nettoyer sa toiture pour pr\u00e9server votre maison. Les rayons UV, les intemp\u00e9ries, la pollution et le vieillissement naturel dus \u00e0 l\u2019\u00e9rosion agressent naturellement les mat\u00e9riaux de votre toiture.\" \/>\n<meta name=\"robots\" content=\"index, follow, max-snippet:-1, max-image-preview:large, max-video-preview:-1\" \/>\n<link rel=\"canonical\" href=\"https:\/\/www.artproject-flocage.fr\/wdp2\/nettoyage-de-toiture\/\" \/>\n<meta property=\"og:locale\" content=\"fr_FR\" \/>\n<meta property=\"og:type\" content=\"article\" \/>\n<meta property=\"og:title\" content=\"Art Project - Nettoyage de toiture\" \/>\n<meta property=\"og:description\" content=\"Nettoyer sa toiture pour pr\u00e9server votre maison. Les rayons UV, les intemp\u00e9ries, la pollution et le vieillissement naturel dus \u00e0 l\u2019\u00e9rosion agressent naturellement les mat\u00e9riaux de votre toiture.\" \/>\n<meta property=\"og:url\" content=\"https:\/\/www.artproject-flocage.fr\/wdp2\/nettoyage-de-toiture\/\" \/>\n<meta property=\"og:site_name\" content=\"Art Project\" \/>\n<meta property=\"article:modified_time\" content=\"2015-10-20T08:02:03+00:00\" \/>\n<meta property=\"og:image\" content=\"http:\/\/www.artproject-flocage.fr\/wdp2\/wp-content\/uploads\/2014\/12\/logo-capeb-accueil.jpg\" \/>\n<meta name=\"twitter:card\" content=\"summary_large_image\" \/>\n<meta name=\"twitter:label1\" content=\"Dur\u00e9e de lecture estim\u00e9e\" \/>\n\t<meta name=\"twitter:data1\" content=\"3 minutes\" \/>\n<script type=\"application\/ld+json\" class=\"yoast-schema-graph\">{\"@context\":\"https:\/\/schema.org\",\"@graph\":[{\"@type\":\"WebPage\",\"@id\":\"https:\/\/www.artproject-flocage.fr\/wdp2\/nettoyage-de-toiture\/\",\"url\":\"https:\/\/www.artproject-flocage.fr\/wdp2\/nettoyage-de-toiture\/\",\"name\":\"Art Project - Nettoyage de toiture\",\"isPartOf\":{\"@id\":\"https:\/\/www.artproject-flocage.fr\/wdp2\/#website\"},\"datePublished\":\"2015-08-09T15:16:51+00:00\",\"dateModified\":\"2015-10-20T08:02:03+00:00\",\"description\":\"Nettoyer sa toiture pour pr\u00e9server votre maison. Les rayons UV, les intemp\u00e9ries, la pollution et le vieillissement naturel dus \u00e0 l\u2019\u00e9rosion agressent naturellement les mat\u00e9riaux de votre toiture.\",\"breadcrumb\":{\"@id\":\"https:\/\/www.artproject-flocage.fr\/wdp2\/nettoyage-de-toiture\/#breadcrumb\"},\"inLanguage\":\"fr-FR\",\"potentialAction\":[{\"@type\":\"ReadAction\",\"target\":[\"https:\/\/www.artproject-flocage.fr\/wdp2\/nettoyage-de-toiture\/\"]}]},{\"@type\":\"BreadcrumbList\",\"@id\":\"https:\/\/www.artproject-flocage.fr\/wdp2\/nettoyage-de-toiture\/#breadcrumb\",\"itemListElement\":[{\"@type\":\"ListItem\",\"position\":1,\"name\":\"Accueil\",\"item\":\"https:\/\/www.artproject-flocage.fr\/wdp2\/\"},{\"@type\":\"ListItem\",\"position\":2,\"name\":\"Nettoyage de toiture\"}]},{\"@type\":\"WebSite\",\"@id\":\"https:\/\/www.artproject-flocage.fr\/wdp2\/#website\",\"url\":\"https:\/\/www.artproject-flocage.fr\/wdp2\/\",\"name\":\"Art Project\",\"description\":\"Isolation thermique et incendie\",\"potentialAction\":[{\"@type\":\"SearchAction\",\"target\":{\"@type\":\"EntryPoint\",\"urlTemplate\":\"https:\/\/www.artproject-flocage.fr\/wdp2\/?s={search_term_string}\"},\"query-input\":\"required name=search_term_string\"}],\"inLanguage\":\"fr-FR\"}]}<\/script>\n<!-- \/ Yoast SEO plugin. -->","yoast_head_json":{"title":"Art Project - Nettoyage de toiture","description":"Nettoyer sa toiture pour pr\u00e9server votre maison. Les rayons UV, les intemp\u00e9ries, la pollution et le vieillissement naturel dus \u00e0 l\u2019\u00e9rosion agressent naturellement les mat\u00e9riaux de votre toiture.","robots":{"index":"index","follow":"follow","max-snippet":"max-snippet:-1","max-image-preview":"max-image-preview:large","max-video-preview":"max-video-preview:-1"},"canonical":"https:\/\/www.artproject-flocage.fr\/wdp2\/nettoyage-de-toiture\/","og_locale":"fr_FR","og_type":"article","og_title":"Art Project - Nettoyage de toiture","og_description":"Nettoyer sa toiture pour pr\u00e9server votre maison. Les rayons UV, les intemp\u00e9ries, la pollution et le vieillissement naturel dus \u00e0 l\u2019\u00e9rosion agressent naturellement les mat\u00e9riaux de votre toiture.","og_url":"https:\/\/www.artproject-flocage.fr\/wdp2\/nettoyage-de-toiture\/","og_site_name":"Art Project","article_modified_time":"2015-10-20T08:02:03+00:00","og_image":[{"url":"http:\/\/www.artproject-flocage.fr\/wdp2\/wp-content\/uploads\/2014\/12\/logo-capeb-accueil.jpg"}],"twitter_card":"summary_large_image","twitter_misc":{"Dur\u00e9e de lecture estim\u00e9e":"3 minutes"},"schema":{"@context":"https:\/\/schema.org","@graph":[{"@type":"WebPage","@id":"https:\/\/www.artproject-flocage.fr\/wdp2\/nettoyage-de-toiture\/","url":"https:\/\/www.artproject-flocage.fr\/wdp2\/nettoyage-de-toiture\/","name":"Art Project - Nettoyage de toiture","isPartOf":{"@id":"https:\/\/www.artproject-flocage.fr\/wdp2\/#website"},"datePublished":"2015-08-09T15:16:51+00:00","dateModified":"2015-10-20T08:02:03+00:00","description":"Nettoyer sa toiture pour pr\u00e9server votre maison. Les rayons UV, les intemp\u00e9ries, la pollution et le vieillissement naturel dus \u00e0 l\u2019\u00e9rosion agressent naturellement les mat\u00e9riaux de votre toiture.","breadcrumb":{"@id":"https:\/\/www.artproject-flocage.fr\/wdp2\/nettoyage-de-toiture\/#breadcrumb"},"inLanguage":"fr-FR","potentialAction":[{"@type":"ReadAction","target":["https:\/\/www.artproject-flocage.fr\/wdp2\/nettoyage-de-toiture\/"]}]},{"@type":"BreadcrumbList","@id":"https:\/\/www.artproject-flocage.fr\/wdp2\/nettoyage-de-toiture\/#breadcrumb","itemListElement":[{"@type":"ListItem","position":1,"name":"Accueil","item":"https:\/\/www.artproject-flocage.fr\/wdp2\/"},{"@type":"ListItem","position":2,"name":"Nettoyage de toiture"}]},{"@type":"WebSite","@id":"https:\/\/www.artproject-flocage.fr\/wdp2\/#website","url":"https:\/\/www.artproject-flocage.fr\/wdp2\/","name":"Art Project","description":"Isolation thermique et incendie","potentialAction":[{"@type":"SearchAction","target":{"@type":"EntryPoint","urlTemplate":"https:\/\/www.artproject-flocage.fr\/wdp2\/?s={search_term_string}"},"query-input":"required name=search_term_string"}],"inLanguage":"fr-FR"}]}},"_links":{"self":[{"href":"https:\/\/www.artproject-flocage.fr\/wdp2\/wp-json\/wp\/v2\/pages\/1060"}],"collection":[{"href":"https:\/\/www.artproject-flocage.fr\/wdp2\/wp-json\/wp\/v2\/pages"}],"about":[{"href":"https:\/\/www.artproject-flocage.fr\/wdp2\/wp-json\/wp\/v2\/types\/page"}],"author":[{"embeddable":true,"href":"https:\/\/www.artproject-flocage.fr\/wdp2\/wp-json\/wp\/v2\/users\/1"}],"replies":[{"embeddable":true,"href":"https:\/\/www.artproject-flocage.fr\/wdp2\/wp-json\/wp\/v2\/comments?post=1060"}],"version-history":[{"count":10,"href":"https:\/\/www.artproject-flocage.fr\/wdp2\/wp-json\/wp\/v2\/pages\/1060\/revisions"}],"predecessor-version":[{"id":1356,"href":"https:\/\/www.artproject-flocage.fr\/wdp2\/wp-json\/wp\/v2\/pages\/1060\/revisions\/1356"}],"wp:attachment":[{"href":"https:\/\/www.artproject-flocage.fr\/wdp2\/wp-json\/wp\/v2\/media?parent=1060"}],"curies":[{"name":"wp","href":"https:\/\/api.w.org\/{rel}","templated":true}]}}