{"id":1229,"date":"2015-08-25T06:22:55","date_gmt":"2015-08-25T06:22:55","guid":{"rendered":"http:\/\/www.artproject-flocage.fr\/wdp2\/?page_id=1229"},"modified":"2015-10-20T08:04:39","modified_gmt":"2015-10-20T08:04:39","slug":"soufflage","status":"publish","type":"page","link":"https:\/\/www.artproject-flocage.fr\/wdp2\/soufflage\/","title":{"rendered":"Soufflage"},"content":{"rendered":"<div id='layer_slider_1'  class='avia-layerslider main_color avia-shadow  avia-builder-el-0  el_before_av_heading  avia-builder-el-first  container_wrap fullsize'  style='height: 471px;'  ><\/div><div id='after_layer_slider_1'  class='main_color av_default_container_wrap container_wrap fullsize'  ><div class='container av-section-cont-open' ><div class='template-page content  av-content-full alpha units'><div class='post-entry post-entry-type-page post-entry-1229'><div class='entry-content-wrapper clearfix'>\n\n<style type=\"text\/css\" data-created_by=\"avia_inline_auto\" id=\"style-css-av-av_heading-6bba22a54484d7066a0dc170c576f33a\">\n#top .av-special-heading.av-av_heading-6bba22a54484d7066a0dc170c576f33a{\npadding-bottom:20px;\nfont-size:22px;\n}\nbody .av-special-heading.av-av_heading-6bba22a54484d7066a0dc170c576f33a .av-special-heading-tag .heading-char{\nfont-size:25px;\n}\n#top #wrap_all .av-special-heading.av-av_heading-6bba22a54484d7066a0dc170c576f33a .av-special-heading-tag{\nfont-size:22px;\n}\n.av-special-heading.av-av_heading-6bba22a54484d7066a0dc170c576f33a .av-subheading{\nfont-size:36px;\n}\n\n@media only screen and (min-width: 480px) and (max-width: 767px){ \n#top #wrap_all .av-special-heading.av-av_heading-6bba22a54484d7066a0dc170c576f33a .av-special-heading-tag{\nfont-size:0.8em;\n}\n}\n\n@media only screen and (max-width: 479px){ \n#top #wrap_all .av-special-heading.av-av_heading-6bba22a54484d7066a0dc170c576f33a .av-special-heading-tag{\nfont-size:0.8em;\n}\n}\n<\/style>\n<div  class='av-special-heading av-av_heading-6bba22a54484d7066a0dc170c576f33a av-special-heading-h3 blockquote modern-quote modern-centered  avia-builder-el-1  el_after_av_layerslider  el_before_av_hr  avia-builder-el-first  av-inherit-size'><h3 class='av-special-heading-tag'  itemprop=\"headline\"  ><\/p>\n<p style=\"color: #6f7072;\">Isolation thermique<\/p>\n<p><\/h3><div class='av-subheading av-subheading_below'><p><strong style=\"color: #7e0000; text-transform: uppercase;\">le soufflage<\/strong><\/p>\n<\/div><div class=\"special-heading-border\"><div class=\"special-heading-inner-border\"><\/div><\/div><\/div>\n\n<style type=\"text\/css\" data-created_by=\"avia_inline_auto\" id=\"style-css-av-av_hr-1f93d2a6f0813f5297eeb4717f63b453\">\n#top .hr.av-av_hr-1f93d2a6f0813f5297eeb4717f63b453{\nmargin-top:10px;\nmargin-bottom:60px;\n}\n.hr.av-av_hr-1f93d2a6f0813f5297eeb4717f63b453 .hr-inner{\nwidth:350px;\nmax-width:45%;\n}\n.hr.av-av_hr-1f93d2a6f0813f5297eeb4717f63b453 .av-seperator-icon{\ncolor:#7e0000;\n}\n<\/style>\n<div  class='hr av-av_hr-1f93d2a6f0813f5297eeb4717f63b453 hr-custom  avia-builder-el-2  el_after_av_heading  el_before_av_one_full  hr-center hr-icon-yes'><span class='hr-inner inner-border-av-border-thin'><span class=\"hr-inner-style\"><\/span><\/span><span class='av-seperator-icon' aria-hidden='true' data-av_icon='\ue8d6' data-av_iconfont='entypo-fontello'><\/span><span class='hr-inner inner-border-av-border-thin'><span class=\"hr-inner-style\"><\/span><\/span><\/div>\n\n<style type=\"text\/css\" data-created_by=\"avia_inline_auto\" id=\"style-css-av-av_one_full-352b07ef7d3bc99b2e9f92e7a9e06bdb\">\n.flex_column.av-av_one_full-352b07ef7d3bc99b2e9f92e7a9e06bdb{\nborder-radius:0px 0px 0px 0px;\npadding:0px 0px 0px 0px;\n}\n<\/style>\n<div  class='flex_column av-av_one_full-352b07ef7d3bc99b2e9f92e7a9e06bdb av_one_full  avia-builder-el-3  el_after_av_hr  el_before_av_hr  first flex_column_div av-zero-column-padding  '     ><div  id=\"av-sc-portfolio-1\"  class=\"av-portfolio-grid-sorting-container\"><div class='sort_width_container  av-sort-yes' data-portfolio-id='1' ><div id='js_sort_items' ><div class='sort_by_cat hidden'><a href=\"#\" data-filter=\"all_sort\" class=\"all_sort_button active_sort\"><span class=\"inner_sort_button\"><span>Tout<\/span><small class=\"av-cat-count\"> 1 <\/small><\/span><\/a><span class=\"text-sep soufflage_sort_sep\">\/<\/span><a href=\"#\" data-filter=\"soufflage_sort\" class=\"soufflage_sort_button\" ><span class=\"inner_sort_button\"><span>soufflage<\/span><small class=\"av-cat-count\"> 1 <\/small><\/span><\/a><\/div><\/div><\/div><div class='portfolio_preview_container ' data-portfolio-id='1'>\n\t\t\t\t\t\t\t\t<div class='ajax_controlls iconfont'>\n\t\t\t\t\t\t\t\t\t<a href='#prev' class='ajax_previous' \taria-hidden='true' data-av_icon='\ue878' data-av_iconfont='entypo-fontello'><\/a>\n\t\t\t\t\t\t\t\t\t<a href='#next' class='ajax_next'\t\taria-hidden='true' data-av_icon='\ue879' data-av_iconfont='entypo-fontello'><\/a>\n\t\t\t\t\t\t\t\t\t<a class='avia_close' href='#close'\t\taria-hidden='true' data-av_icon='\ue814' data-av_iconfont='entypo-fontello'><\/a>\n\t\t\t\t\t\t\t\t<\/div>\n\t\t\t\t\t\t\t\t<div class='portfolio-details-inner'><\/div>\n\t\t\t\t\t\t\t<\/div><div  class=' grid-sort-container isotope   no_margin-container with-title-container grid-total-odd grid-col-4 grid-links-ajax' data-portfolio-id='1'><div data-ajax-id='1091' class=' grid-entry flex_column isotope-item all_sort no_margin post-entry post-entry-1091 grid-entry-overview grid-loop-1 grid-parity-odd  post-entry-last  isolation-thermique_sort soufflage_sort  av_one_fourth first default_av_fullwidth '><article class='main_color inner-entry'  itemscope=\"itemscope\" itemtype=\"https:\/\/schema.org\/CreativeWork\" ><a href=\"https:\/\/www.artproject-flocage.fr\/wdp2\/portfolio-item\/souflage-2\/\" title='Soufflage particulier'  data-rel='grid-1' class='grid-image avia-hover-fx'> <img decoding=\"async\" fetchpriority=\"high\" width=\"260\" height=\"185\" src=\"https:\/\/www.artproject-flocage.fr\/wdp2\/wp-content\/uploads\/2015\/04\/Souflage-6-260x185.jpg\" class=\"wp-image-418 avia-img-lazy-loading-not-418 attachment-portfolio_small size-portfolio_small wp-post-image\" alt=\"\" \/><\/a><div class='grid-content'><div class='avia-arrow'><\/div><header class=\"entry-content-header\"><h3 class='grid-entry-title entry-title '  itemprop=\"headline\" ><a href='https:\/\/www.artproject-flocage.fr\/wdp2\/portfolio-item\/souflage-2\/' title='Soufflage particulier'>Soufflage particulier<\/a><\/h3><\/header><\/div><footer class=\"entry-footer\"><\/footer><\/article><\/div><\/div><\/div>   <!--   class=\"av-portfolio-grid-sorting-container\"  --><\/div>\n\n<style type=\"text\/css\" data-created_by=\"avia_inline_auto\" id=\"style-css-av-av_hr-0688d0b0b6ed2f8b057db7a8270206df\">\n#top .hr.hr-invisible.av-av_hr-0688d0b0b6ed2f8b057db7a8270206df{\nheight:50px;\n}\n<\/style>\n<div  class='hr av-av_hr-0688d0b0b6ed2f8b057db7a8270206df hr-invisible  avia-builder-el-5  el_after_av_one_full  el_before_av_textblock '><span class='hr-inner '><span class=\"hr-inner-style\"><\/span><\/span><\/div>\n<section  class='av_textblock_section av-av_textblock-0366cc7376be6c9e82a3e9cc8987b64f '   itemscope=\"itemscope\" itemtype=\"https:\/\/schema.org\/CreativeWork\" ><div class='avia_textblock'  itemprop=\"text\" ><p style=\"text-align: center;\"><a href=\"http:\/\/www.artproject-flocage.fr\/wdp2\/wp-content\/uploads\/2014\/12\/logo-capeb-accueil.jpg\"><img loading=\"lazy\" decoding=\"async\" class=\"aligncenter size-full wp-image-1329\" src=\"http:\/\/www.artproject-flocage.fr\/wdp2\/wp-content\/uploads\/2014\/12\/logo-capeb-accueil.jpg\" alt=\"logo-capeb-accueil\" width=\"150\" height=\"63\" \/><\/a>Notre soci\u00e9t\u00e9 est <strong style=\"color: #7e0000;\">affili\u00e9e \u00e0 la CAPEB, <\/strong> pour plus de renseignements : <a style=\"color: #7e0000;\" href=\"http:\/\/www.capeb.fr\"> Conf\u00e9d\u00e9ration de l&rsquo;Artisanat et des Petites Entreprises du B\u00e2timent. <\/a><br \/>\nNos produits utilis\u00e9s sont certifi\u00e9s <strong style=\"color: #7e0000;\">conformes aux normes europ\u00e9ennes <\/strong><strong>: ACERMI, CSTB &#8230; <\/strong><\/p>\n<p style=\"text-align: center;\"><img loading=\"lazy\" decoding=\"async\" class=\"aligncenter size-full wp-image-1434\" src=\"http:\/\/www.artproject-flocage.fr\/wdp\/wp-content\/uploads\/2015\/10\/AP-Slider-Layer-logo-4.png\" alt=\"AP-Slider-Layer-logo-4\" width=\"81\" height=\"120\" \/><\/p>\n<p style=\"text-align: center;\"><strong>N\u00b07122<\/strong> &#8211; Isolation thermique par l&rsquo;int\u00e9rieur ( Technicit\u00e9 confirm\u00e9e )<br \/>\n<strong>N\u00b07142<\/strong> &#8211; Isolation thermique &#8211; correction acoustique par projection &#8211; injection<\/p>\n<\/div><\/section>\n","protected":false},"excerpt":{"rendered":"","protected":false},"author":1,"featured_media":0,"parent":0,"menu_order":0,"comment_status":"closed","ping_status":"closed","template":"","meta":{"footnotes":""},"yoast_head":"<!-- This site is optimized with the Yoast SEO plugin v19.11 - https:\/\/yoast.com\/wordpress\/plugins\/seo\/ -->\n<title>Art Project - Soufflage<\/title>\n<meta name=\"description\" content=\"La technique du \u00ab soufflage \u00bb consiste \u00e0 d\u00e9poser un matelas homog\u00e8ne d\u2019isolant en flocons \u00e0 l\u2019aide d\u2019une machine \u00e0 souffler. L\u2019isolation par soufflage a pour objectif de proc\u00e9der \u00e0 l\u2019isolation thermique et acoustique de tous types de combles perdus non habitables ou difficiles d\u2019acc\u00e8s en neuf comme en r\u00e9novation.L\u2019\u00e9paisseur est d\u00e9finie suivant les normes et la r\u00e9sistance thermique souhait\u00e9e.\" \/>\n<meta name=\"robots\" content=\"index, follow, max-snippet:-1, max-image-preview:large, max-video-preview:-1\" \/>\n<link rel=\"canonical\" href=\"https:\/\/www.artproject-flocage.fr\/wdp2\/soufflage\/\" \/>\n<meta property=\"og:locale\" content=\"fr_FR\" \/>\n<meta property=\"og:type\" content=\"article\" \/>\n<meta property=\"og:title\" content=\"Art Project - Soufflage\" \/>\n<meta property=\"og:description\" content=\"La technique du \u00ab soufflage \u00bb consiste \u00e0 d\u00e9poser un matelas homog\u00e8ne d\u2019isolant en flocons \u00e0 l\u2019aide d\u2019une machine \u00e0 souffler. L\u2019isolation par soufflage a pour objectif de proc\u00e9der \u00e0 l\u2019isolation thermique et acoustique de tous types de combles perdus non habitables ou difficiles d\u2019acc\u00e8s en neuf comme en r\u00e9novation.L\u2019\u00e9paisseur est d\u00e9finie suivant les normes et la r\u00e9sistance thermique souhait\u00e9e.\" \/>\n<meta property=\"og:url\" content=\"https:\/\/www.artproject-flocage.fr\/wdp2\/soufflage\/\" \/>\n<meta property=\"og:site_name\" content=\"Art Project\" \/>\n<meta property=\"article:modified_time\" content=\"2015-10-20T08:04:39+00:00\" \/>\n<meta property=\"og:image\" content=\"http:\/\/www.artproject-flocage.fr\/wdp2\/wp-content\/uploads\/2014\/12\/logo-capeb-accueil.jpg\" \/>\n<meta name=\"twitter:card\" content=\"summary_large_image\" \/>\n<meta name=\"twitter:label1\" content=\"Dur\u00e9e de lecture estim\u00e9e\" \/>\n\t<meta name=\"twitter:data1\" content=\"1 minute\" \/>\n<script type=\"application\/ld+json\" class=\"yoast-schema-graph\">{\"@context\":\"https:\/\/schema.org\",\"@graph\":[{\"@type\":\"WebPage\",\"@id\":\"https:\/\/www.artproject-flocage.fr\/wdp2\/soufflage\/\",\"url\":\"https:\/\/www.artproject-flocage.fr\/wdp2\/soufflage\/\",\"name\":\"Art Project - Soufflage\",\"isPartOf\":{\"@id\":\"https:\/\/www.artproject-flocage.fr\/wdp2\/#website\"},\"datePublished\":\"2015-08-25T06:22:55+00:00\",\"dateModified\":\"2015-10-20T08:04:39+00:00\",\"description\":\"La technique du \u00ab soufflage \u00bb consiste \u00e0 d\u00e9poser un matelas homog\u00e8ne d\u2019isolant en flocons \u00e0 l\u2019aide d\u2019une machine \u00e0 souffler. L\u2019isolation par soufflage a pour objectif de proc\u00e9der \u00e0 l\u2019isolation thermique et acoustique de tous types de combles perdus non habitables ou difficiles d\u2019acc\u00e8s en neuf comme en r\u00e9novation.L\u2019\u00e9paisseur est d\u00e9finie suivant les normes et la r\u00e9sistance thermique souhait\u00e9e.\",\"breadcrumb\":{\"@id\":\"https:\/\/www.artproject-flocage.fr\/wdp2\/soufflage\/#breadcrumb\"},\"inLanguage\":\"fr-FR\",\"potentialAction\":[{\"@type\":\"ReadAction\",\"target\":[\"https:\/\/www.artproject-flocage.fr\/wdp2\/soufflage\/\"]}]},{\"@type\":\"BreadcrumbList\",\"@id\":\"https:\/\/www.artproject-flocage.fr\/wdp2\/soufflage\/#breadcrumb\",\"itemListElement\":[{\"@type\":\"ListItem\",\"position\":1,\"name\":\"Accueil\",\"item\":\"https:\/\/www.artproject-flocage.fr\/wdp2\/\"},{\"@type\":\"ListItem\",\"position\":2,\"name\":\"Soufflage\"}]},{\"@type\":\"WebSite\",\"@id\":\"https:\/\/www.artproject-flocage.fr\/wdp2\/#website\",\"url\":\"https:\/\/www.artproject-flocage.fr\/wdp2\/\",\"name\":\"Art Project\",\"description\":\"Isolation thermique et incendie\",\"potentialAction\":[{\"@type\":\"SearchAction\",\"target\":{\"@type\":\"EntryPoint\",\"urlTemplate\":\"https:\/\/www.artproject-flocage.fr\/wdp2\/?s={search_term_string}\"},\"query-input\":\"required name=search_term_string\"}],\"inLanguage\":\"fr-FR\"}]}<\/script>\n<!-- \/ Yoast SEO plugin. -->","yoast_head_json":{"title":"Art Project - Soufflage","description":"La technique du \u00ab soufflage \u00bb consiste \u00e0 d\u00e9poser un matelas homog\u00e8ne d\u2019isolant en flocons \u00e0 l\u2019aide d\u2019une machine \u00e0 souffler. L\u2019isolation par soufflage a pour objectif de proc\u00e9der \u00e0 l\u2019isolation thermique et acoustique de tous types de combles perdus non habitables ou difficiles d\u2019acc\u00e8s en neuf comme en r\u00e9novation.L\u2019\u00e9paisseur est d\u00e9finie suivant les normes et la r\u00e9sistance thermique souhait\u00e9e.","robots":{"index":"index","follow":"follow","max-snippet":"max-snippet:-1","max-image-preview":"max-image-preview:large","max-video-preview":"max-video-preview:-1"},"canonical":"https:\/\/www.artproject-flocage.fr\/wdp2\/soufflage\/","og_locale":"fr_FR","og_type":"article","og_title":"Art Project - Soufflage","og_description":"La technique du \u00ab soufflage \u00bb consiste \u00e0 d\u00e9poser un matelas homog\u00e8ne d\u2019isolant en flocons \u00e0 l\u2019aide d\u2019une machine \u00e0 souffler. L\u2019isolation par soufflage a pour objectif de proc\u00e9der \u00e0 l\u2019isolation thermique et acoustique de tous types de combles perdus non habitables ou difficiles d\u2019acc\u00e8s en neuf comme en r\u00e9novation.L\u2019\u00e9paisseur est d\u00e9finie suivant les normes et la r\u00e9sistance thermique souhait\u00e9e.","og_url":"https:\/\/www.artproject-flocage.fr\/wdp2\/soufflage\/","og_site_name":"Art Project","article_modified_time":"2015-10-20T08:04:39+00:00","og_image":[{"url":"http:\/\/www.artproject-flocage.fr\/wdp2\/wp-content\/uploads\/2014\/12\/logo-capeb-accueil.jpg"}],"twitter_card":"summary_large_image","twitter_misc":{"Dur\u00e9e de lecture estim\u00e9e":"1 minute"},"schema":{"@context":"https:\/\/schema.org","@graph":[{"@type":"WebPage","@id":"https:\/\/www.artproject-flocage.fr\/wdp2\/soufflage\/","url":"https:\/\/www.artproject-flocage.fr\/wdp2\/soufflage\/","name":"Art Project - Soufflage","isPartOf":{"@id":"https:\/\/www.artproject-flocage.fr\/wdp2\/#website"},"datePublished":"2015-08-25T06:22:55+00:00","dateModified":"2015-10-20T08:04:39+00:00","description":"La technique du \u00ab soufflage \u00bb consiste \u00e0 d\u00e9poser un matelas homog\u00e8ne d\u2019isolant en flocons \u00e0 l\u2019aide d\u2019une machine \u00e0 souffler. L\u2019isolation par soufflage a pour objectif de proc\u00e9der \u00e0 l\u2019isolation thermique et acoustique de tous types de combles perdus non habitables ou difficiles d\u2019acc\u00e8s en neuf comme en r\u00e9novation.L\u2019\u00e9paisseur est d\u00e9finie suivant les normes et la r\u00e9sistance thermique souhait\u00e9e.","breadcrumb":{"@id":"https:\/\/www.artproject-flocage.fr\/wdp2\/soufflage\/#breadcrumb"},"inLanguage":"fr-FR","potentialAction":[{"@type":"ReadAction","target":["https:\/\/www.artproject-flocage.fr\/wdp2\/soufflage\/"]}]},{"@type":"BreadcrumbList","@id":"https:\/\/www.artproject-flocage.fr\/wdp2\/soufflage\/#breadcrumb","itemListElement":[{"@type":"ListItem","position":1,"name":"Accueil","item":"https:\/\/www.artproject-flocage.fr\/wdp2\/"},{"@type":"ListItem","position":2,"name":"Soufflage"}]},{"@type":"WebSite","@id":"https:\/\/www.artproject-flocage.fr\/wdp2\/#website","url":"https:\/\/www.artproject-flocage.fr\/wdp2\/","name":"Art Project","description":"Isolation thermique et incendie","potentialAction":[{"@type":"SearchAction","target":{"@type":"EntryPoint","urlTemplate":"https:\/\/www.artproject-flocage.fr\/wdp2\/?s={search_term_string}"},"query-input":"required name=search_term_string"}],"inLanguage":"fr-FR"}]}},"_links":{"self":[{"href":"https:\/\/www.artproject-flocage.fr\/wdp2\/wp-json\/wp\/v2\/pages\/1229"}],"collection":[{"href":"https:\/\/www.artproject-flocage.fr\/wdp2\/wp-json\/wp\/v2\/pages"}],"about":[{"href":"https:\/\/www.artproject-flocage.fr\/wdp2\/wp-json\/wp\/v2\/types\/page"}],"author":[{"embeddable":true,"href":"https:\/\/www.artproject-flocage.fr\/wdp2\/wp-json\/wp\/v2\/users\/1"}],"replies":[{"embeddable":true,"href":"https:\/\/www.artproject-flocage.fr\/wdp2\/wp-json\/wp\/v2\/comments?post=1229"}],"version-history":[{"count":5,"href":"https:\/\/www.artproject-flocage.fr\/wdp2\/wp-json\/wp\/v2\/pages\/1229\/revisions"}],"predecessor-version":[{"id":1358,"href":"https:\/\/www.artproject-flocage.fr\/wdp2\/wp-json\/wp\/v2\/pages\/1229\/revisions\/1358"}],"wp:attachment":[{"href":"https:\/\/www.artproject-flocage.fr\/wdp2\/wp-json\/wp\/v2\/media?parent=1229"}],"curies":[{"name":"wp","href":"https:\/\/api.w.org\/{rel}","templated":true}]}}