{"id":1246,"date":"2015-08-25T06:43:00","date_gmt":"2015-08-25T06:43:00","guid":{"rendered":"http:\/\/www.artproject-flocage.fr\/wdp2\/?page_id=1246"},"modified":"2015-10-20T07:54:02","modified_gmt":"2015-10-20T07:54:02","slug":"acoustique","status":"publish","type":"page","link":"https:\/\/www.artproject-flocage.fr\/wdp2\/acoustique\/","title":{"rendered":"Acoustique"},"content":{"rendered":"<div id='layer_slider_1'  class='avia-layerslider main_color avia-shadow  avia-builder-el-0  el_before_av_textblock  avia-builder-el-first  container_wrap fullsize'  style='height: 471px;'  ><\/div><div id='after_layer_slider_1'  class='main_color av_default_container_wrap container_wrap fullsize'  ><div class='container av-section-cont-open' ><div class='template-page content  av-content-full alpha units'><div class='post-entry post-entry-type-page post-entry-1246'><div class='entry-content-wrapper clearfix'>\n\n<style type=\"text\/css\" data-created_by=\"avia_inline_auto\" id=\"style-css-av-av_textblock-12b1107e5c5467489d2c462c2b571d30\">\n#top .av_textblock_section.av-av_textblock-12b1107e5c5467489d2c462c2b571d30 .avia_textblock{\nfont-size:36px;\n}\n<\/style>\n<section  class='av_textblock_section av-av_textblock-12b1107e5c5467489d2c462c2b571d30 '   itemscope=\"itemscope\" itemtype=\"https:\/\/schema.org\/CreativeWork\" ><div class='avia_textblock'  itemprop=\"text\" ><p style=\"text-align: center;\"><strong style=\"color: #7e0000; text-transform: uppercase;\">Isolation acoustique<\/strong><\/p>\n<\/div><\/section>\n\n<style type=\"text\/css\" data-created_by=\"avia_inline_auto\" id=\"style-css-av-av_hr-1f93d2a6f0813f5297eeb4717f63b453\">\n#top .hr.av-av_hr-1f93d2a6f0813f5297eeb4717f63b453{\nmargin-top:10px;\nmargin-bottom:60px;\n}\n.hr.av-av_hr-1f93d2a6f0813f5297eeb4717f63b453 .hr-inner{\nwidth:350px;\nmax-width:45%;\n}\n.hr.av-av_hr-1f93d2a6f0813f5297eeb4717f63b453 .av-seperator-icon{\ncolor:#7e0000;\n}\n<\/style>\n<div  class='hr av-av_hr-1f93d2a6f0813f5297eeb4717f63b453 hr-custom  avia-builder-el-2  el_after_av_textblock  el_before_av_one_full  hr-center hr-icon-yes'><span class='hr-inner inner-border-av-border-thin'><span class=\"hr-inner-style\"><\/span><\/span><span class='av-seperator-icon' aria-hidden='true' data-av_icon='\ue8d6' data-av_iconfont='entypo-fontello'><\/span><span class='hr-inner inner-border-av-border-thin'><span class=\"hr-inner-style\"><\/span><\/span><\/div>\n\n<style type=\"text\/css\" data-created_by=\"avia_inline_auto\" id=\"style-css-av-av_one_full-352b07ef7d3bc99b2e9f92e7a9e06bdb\">\n.flex_column.av-av_one_full-352b07ef7d3bc99b2e9f92e7a9e06bdb{\nborder-radius:0px 0px 0px 0px;\npadding:0px 0px 0px 0px;\n}\n<\/style>\n<div  class='flex_column av-av_one_full-352b07ef7d3bc99b2e9f92e7a9e06bdb av_one_full  avia-builder-el-3  el_after_av_hr  el_before_av_hr  first flex_column_div av-zero-column-padding  '     ><div  id=\"av-sc-portfolio-1\"  class=\"av-portfolio-grid-sorting-container\"><div class='sort_width_container  av-sort-yes' data-portfolio-id='1' ><div id='js_sort_items' ><div class='sort_by_cat hidden'><a href=\"#\" data-filter=\"all_sort\" class=\"all_sort_button active_sort\"><span class=\"inner_sort_button\"><span>Tout<\/span><small class=\"av-cat-count\"> 5 <\/small><\/span><\/a><span class=\"text-sep isolation-accoustique_sort_sep\">\/<\/span><a href=\"#\" data-filter=\"isolation-accoustique_sort\" class=\"isolation-accoustique_sort_button\" ><span class=\"inner_sort_button\"><span>Isolation accoustique<\/span><small class=\"av-cat-count\"> 5 <\/small><\/span><\/a><\/div><\/div><\/div><div class='portfolio_preview_container ' data-portfolio-id='1'>\n\t\t\t\t\t\t\t\t<div class='ajax_controlls iconfont'>\n\t\t\t\t\t\t\t\t\t<a href='#prev' class='ajax_previous' \taria-hidden='true' data-av_icon='\ue878' data-av_iconfont='entypo-fontello'><\/a>\n\t\t\t\t\t\t\t\t\t<a href='#next' class='ajax_next'\t\taria-hidden='true' data-av_icon='\ue879' data-av_iconfont='entypo-fontello'><\/a>\n\t\t\t\t\t\t\t\t\t<a class='avia_close' href='#close'\t\taria-hidden='true' data-av_icon='\ue814' data-av_iconfont='entypo-fontello'><\/a>\n\t\t\t\t\t\t\t\t<\/div>\n\t\t\t\t\t\t\t\t<div class='portfolio-details-inner'><\/div>\n\t\t\t\t\t\t\t<\/div><div  class=' grid-sort-container isotope   no_margin-container with-title-container grid-total-odd grid-col-4 grid-links-ajax' data-portfolio-id='1'><div data-ajax-id='1292' class=' grid-entry flex_column isotope-item all_sort no_margin post-entry post-entry-1292 grid-entry-overview grid-loop-1 grid-parity-odd  isolation-accoustique_sort isolation-thermique_sort paneaux_sort  av_one_fourth first default_av_fullwidth '><article class='main_color inner-entry'  itemscope=\"itemscope\" itemtype=\"https:\/\/schema.org\/CreativeWork\" ><a href=\"https:\/\/www.artproject-flocage.fr\/wdp2\/portfolio-item\/residence-ilot-saint-cybard-panneaux\/\" title='R\u00e9sidence Ilot Saint Cybard panneaux'  data-rel='grid-1' class='grid-image avia-hover-fx'> <img decoding=\"async\" fetchpriority=\"high\" width=\"260\" height=\"185\" src=\"https:\/\/www.artproject-flocage.fr\/wdp2\/wp-content\/uploads\/2015\/04\/Knauf-2-260x185.jpg\" class=\"wp-image-384 avia-img-lazy-loading-not-384 attachment-portfolio_small size-portfolio_small wp-post-image\" alt=\"\" \/><\/a><div class='grid-content'><div class='avia-arrow'><\/div><header class=\"entry-content-header\"><h3 class='grid-entry-title entry-title '  itemprop=\"headline\" ><a href='https:\/\/www.artproject-flocage.fr\/wdp2\/portfolio-item\/residence-ilot-saint-cybard-panneaux\/' title='R\u00e9sidence Ilot Saint Cybard panneaux'>R\u00e9sidence Ilot Saint Cybard panneaux<\/a><\/h3><\/header><\/div><footer class=\"entry-footer\"><\/footer><\/article><\/div><div data-ajax-id='1237' class=' grid-entry flex_column isotope-item all_sort no_margin post-entry post-entry-1237 grid-entry-overview grid-loop-2 grid-parity-even  isolation-accoustique_sort isolation-thermique_sort paneaux_sort  av_one_fourth  default_av_fullwidth '><article class='main_color inner-entry'  itemscope=\"itemscope\" itemtype=\"https:\/\/schema.org\/CreativeWork\" ><a href=\"https:\/\/www.artproject-flocage.fr\/wdp2\/portfolio-item\/quartier-bocage\/\" title='Quartier Bocage'  data-rel='grid-1' class='grid-image avia-hover-fx'> <img decoding=\"async\" fetchpriority=\"high\" width=\"260\" height=\"185\" src=\"https:\/\/www.artproject-flocage.fr\/wdp2\/wp-content\/uploads\/2015\/08\/Bocage-2-260x185.jpg\" class=\"wp-image-1239 avia-img-lazy-loading-not-1239 attachment-portfolio_small size-portfolio_small wp-post-image\" alt=\"\" \/><\/a><div class='grid-content'><div class='avia-arrow'><\/div><header class=\"entry-content-header\"><h3 class='grid-entry-title entry-title '  itemprop=\"headline\" ><a href='https:\/\/www.artproject-flocage.fr\/wdp2\/portfolio-item\/quartier-bocage\/' title='Quartier Bocage'>Quartier Bocage<\/a><\/h3><\/header><\/div><footer class=\"entry-footer\"><\/footer><\/article><\/div><div data-ajax-id='1141' class=' grid-entry flex_column isotope-item all_sort no_margin post-entry post-entry-1141 grid-entry-overview grid-loop-3 grid-parity-odd  flocage_sort isolation-accoustique_sort isolation-thermique_sort  av_one_fourth  default_av_fullwidth '><article class='main_color inner-entry'  itemscope=\"itemscope\" itemtype=\"https:\/\/schema.org\/CreativeWork\" ><a href=\"https:\/\/www.artproject-flocage.fr\/wdp2\/portfolio-item\/durcisseur-de-surface\/\" title='Durcisseur de surface'  data-rel='grid-1' class='grid-image avia-hover-fx'> <img decoding=\"async\" fetchpriority=\"high\" width=\"260\" height=\"185\" src=\"https:\/\/www.artproject-flocage.fr\/wdp2\/wp-content\/uploads\/2015\/04\/Cybard-3-260x185.jpg\" class=\"wp-image-393 avia-img-lazy-loading-not-393 attachment-portfolio_small size-portfolio_small wp-post-image\" alt=\"\" \/><\/a><div class='grid-content'><div class='avia-arrow'><\/div><header class=\"entry-content-header\"><h3 class='grid-entry-title entry-title '  itemprop=\"headline\" ><a href='https:\/\/www.artproject-flocage.fr\/wdp2\/portfolio-item\/durcisseur-de-surface\/' title='Durcisseur de surface'>Durcisseur de surface<\/a><\/h3><\/header><\/div><footer class=\"entry-footer\"><\/footer><\/article><\/div><div data-ajax-id='897' class=' grid-entry flex_column isotope-item all_sort no_margin post-entry post-entry-897 grid-entry-overview grid-loop-4 grid-parity-even  isolation-accoustique_sort isolation-thermique_sort paneaux_sort  av_one_fourth  default_av_fullwidth '><article class='main_color inner-entry'  itemscope=\"itemscope\" itemtype=\"https:\/\/schema.org\/CreativeWork\" ><a href=\"https:\/\/www.artproject-flocage.fr\/wdp2\/portfolio-item\/residence-la-clef-des-champs\/\" title='R\u00e9sidence la Clef des Champs'  data-rel='grid-1' class='grid-image avia-hover-fx'> <img decoding=\"async\" fetchpriority=\"high\" width=\"260\" height=\"185\" src=\"https:\/\/www.artproject-flocage.fr\/wdp2\/wp-content\/uploads\/2015\/08\/Clef-des-champs-21-260x185.jpg\" class=\"wp-image-899 avia-img-lazy-loading-not-899 attachment-portfolio_small size-portfolio_small wp-post-image\" alt=\"\" \/><\/a><div class='grid-content'><div class='avia-arrow'><\/div><header class=\"entry-content-header\"><h3 class='grid-entry-title entry-title '  itemprop=\"headline\" ><a href='https:\/\/www.artproject-flocage.fr\/wdp2\/portfolio-item\/residence-la-clef-des-champs\/' title='R\u00e9sidence la Clef des Champs'>R\u00e9sidence la Clef des Champs<\/a><\/h3><\/header><\/div><footer class=\"entry-footer\"><\/footer><\/article><\/div><div data-ajax-id='1087' class=' grid-entry flex_column isotope-item all_sort no_margin post-entry post-entry-1087 grid-entry-overview grid-loop-5 grid-parity-odd  post-entry-last  flocage_sort isolation-accoustique_sort isolation-thermique_sort  av_one_fourth first default_av_fullwidth '><article class='main_color inner-entry'  itemscope=\"itemscope\" itemtype=\"https:\/\/schema.org\/CreativeWork\" ><a href=\"https:\/\/www.artproject-flocage.fr\/wdp2\/portfolio-item\/knauf-2\/\" title='R\u00e9sidence Ilot Saint Cybard projection'  data-rel='grid-1' class='grid-image avia-hover-fx'> <img decoding=\"async\" fetchpriority=\"high\" width=\"260\" height=\"185\" src=\"https:\/\/www.artproject-flocage.fr\/wdp2\/wp-content\/uploads\/2015\/04\/Cybard-5-260x185.jpg\" class=\"wp-image-395 avia-img-lazy-loading-not-395 attachment-portfolio_small size-portfolio_small wp-post-image\" alt=\"\" \/><\/a><div class='grid-content'><div class='avia-arrow'><\/div><header class=\"entry-content-header\"><h3 class='grid-entry-title entry-title '  itemprop=\"headline\" ><a href='https:\/\/www.artproject-flocage.fr\/wdp2\/portfolio-item\/knauf-2\/' title='R\u00e9sidence Ilot Saint Cybard projection'>R\u00e9sidence Ilot Saint Cybard projection<\/a><\/h3><\/header><\/div><footer class=\"entry-footer\"><\/footer><\/article><\/div><\/div><\/div>   <!--   class=\"av-portfolio-grid-sorting-container\"  --><\/div>\n\n<style type=\"text\/css\" data-created_by=\"avia_inline_auto\" id=\"style-css-av-av_hr-0688d0b0b6ed2f8b057db7a8270206df\">\n#top .hr.hr-invisible.av-av_hr-0688d0b0b6ed2f8b057db7a8270206df{\nheight:50px;\n}\n<\/style>\n<div  class='hr av-av_hr-0688d0b0b6ed2f8b057db7a8270206df hr-invisible  avia-builder-el-5  el_after_av_one_full  el_before_av_textblock '><span class='hr-inner '><span class=\"hr-inner-style\"><\/span><\/span><\/div>\n<section  class='av_textblock_section av-av_textblock-0366cc7376be6c9e82a3e9cc8987b64f '   itemscope=\"itemscope\" itemtype=\"https:\/\/schema.org\/CreativeWork\" ><div class='avia_textblock'  itemprop=\"text\" ><p style=\"text-align: center;\"><a href=\"http:\/\/www.artproject-flocage.fr\/wdp2\/wp-content\/uploads\/2014\/12\/logo-capeb-accueil.jpg\"><img loading=\"lazy\" decoding=\"async\" class=\"aligncenter size-full wp-image-1329\" src=\"http:\/\/www.artproject-flocage.fr\/wdp2\/wp-content\/uploads\/2014\/12\/logo-capeb-accueil.jpg\" alt=\"logo-capeb-accueil\" width=\"150\" height=\"63\" \/><\/a>Notre soci\u00e9t\u00e9 est <strong style=\"color: #7e0000;\">affili\u00e9e \u00e0 la CAPEB, <\/strong> pour plus de renseignements : <a style=\"color: #7e0000;\" href=\"http:\/\/www.capeb.fr\"> Conf\u00e9d\u00e9ration de l&rsquo;Artisanat et des Petites Entreprises du B\u00e2timent. <\/a><br \/>\nNos produits utilis\u00e9s sont certifi\u00e9s <strong style=\"color: #7e0000;\">conformes aux normes europ\u00e9ennes <\/strong><strong>: ACERMI, CSTB &#8230; <\/strong><\/p>\n<p style=\"text-align: center;\"><img loading=\"lazy\" decoding=\"async\" class=\"aligncenter size-full wp-image-1434\" src=\"http:\/\/www.artproject-flocage.fr\/wdp\/wp-content\/uploads\/2015\/10\/AP-Slider-Layer-logo-4.png\" alt=\"AP-Slider-Layer-logo-4\" width=\"81\" height=\"120\" \/><\/p>\n<p style=\"text-align: center;\"><strong>N\u00b07122<\/strong> &#8211; Isolation thermique par l&rsquo;int\u00e9rieur ( Technicit\u00e9 confirm\u00e9e )<br \/>\n<strong>N\u00b07142<\/strong> &#8211; Isolation thermique &#8211; correction acoustique par projection &#8211; injection<\/p>\n<\/div><\/section>\n","protected":false},"excerpt":{"rendered":"","protected":false},"author":1,"featured_media":0,"parent":0,"menu_order":0,"comment_status":"closed","ping_status":"closed","template":"","meta":{"footnotes":""},"yoast_head":"<!-- This site is optimized with the Yoast SEO plugin v19.11 - https:\/\/yoast.com\/wordpress\/plugins\/seo\/ -->\n<title>Art Project - Isolation acoustique<\/title>\n<meta name=\"description\" content=\"Plus de 15 ans d\u2019exp\u00e9rience dans la protection passive des b\u00e2timents, sp\u00e9cialis\u00e9e dans l\u2019isolation thermique, acoustique et incendie ainsi que l\u2019\u00e9tanch\u00e9it\u00e9 \u00e0 l\u2019air.\" \/>\n<meta name=\"robots\" content=\"index, follow, max-snippet:-1, max-image-preview:large, max-video-preview:-1\" \/>\n<link rel=\"canonical\" href=\"https:\/\/www.artproject-flocage.fr\/wdp2\/acoustique\/\" \/>\n<meta property=\"og:locale\" content=\"fr_FR\" \/>\n<meta property=\"og:type\" content=\"article\" \/>\n<meta property=\"og:title\" content=\"Art Project - Isolation acoustique\" \/>\n<meta property=\"og:description\" content=\"Plus de 15 ans d\u2019exp\u00e9rience dans la protection passive des b\u00e2timents, sp\u00e9cialis\u00e9e dans l\u2019isolation thermique, acoustique et incendie ainsi que l\u2019\u00e9tanch\u00e9it\u00e9 \u00e0 l\u2019air.\" \/>\n<meta property=\"og:url\" content=\"https:\/\/www.artproject-flocage.fr\/wdp2\/acoustique\/\" \/>\n<meta property=\"og:site_name\" content=\"Art Project\" \/>\n<meta property=\"article:modified_time\" content=\"2015-10-20T07:54:02+00:00\" \/>\n<meta property=\"og:image\" content=\"http:\/\/www.artproject-flocage.fr\/wdp2\/wp-content\/uploads\/2014\/12\/logo-capeb-accueil.jpg\" \/>\n<meta name=\"twitter:card\" content=\"summary_large_image\" \/>\n<meta name=\"twitter:label1\" content=\"Dur\u00e9e de lecture estim\u00e9e\" \/>\n\t<meta name=\"twitter:data1\" content=\"1 minute\" \/>\n<script type=\"application\/ld+json\" class=\"yoast-schema-graph\">{\"@context\":\"https:\/\/schema.org\",\"@graph\":[{\"@type\":\"WebPage\",\"@id\":\"https:\/\/www.artproject-flocage.fr\/wdp2\/acoustique\/\",\"url\":\"https:\/\/www.artproject-flocage.fr\/wdp2\/acoustique\/\",\"name\":\"Art Project - Isolation acoustique\",\"isPartOf\":{\"@id\":\"https:\/\/www.artproject-flocage.fr\/wdp2\/#website\"},\"datePublished\":\"2015-08-25T06:43:00+00:00\",\"dateModified\":\"2015-10-20T07:54:02+00:00\",\"description\":\"Plus de 15 ans d\u2019exp\u00e9rience dans la protection passive des b\u00e2timents, sp\u00e9cialis\u00e9e dans l\u2019isolation thermique, acoustique et incendie ainsi que l\u2019\u00e9tanch\u00e9it\u00e9 \u00e0 l\u2019air.\",\"breadcrumb\":{\"@id\":\"https:\/\/www.artproject-flocage.fr\/wdp2\/acoustique\/#breadcrumb\"},\"inLanguage\":\"fr-FR\",\"potentialAction\":[{\"@type\":\"ReadAction\",\"target\":[\"https:\/\/www.artproject-flocage.fr\/wdp2\/acoustique\/\"]}]},{\"@type\":\"BreadcrumbList\",\"@id\":\"https:\/\/www.artproject-flocage.fr\/wdp2\/acoustique\/#breadcrumb\",\"itemListElement\":[{\"@type\":\"ListItem\",\"position\":1,\"name\":\"Accueil\",\"item\":\"https:\/\/www.artproject-flocage.fr\/wdp2\/\"},{\"@type\":\"ListItem\",\"position\":2,\"name\":\"Acoustique\"}]},{\"@type\":\"WebSite\",\"@id\":\"https:\/\/www.artproject-flocage.fr\/wdp2\/#website\",\"url\":\"https:\/\/www.artproject-flocage.fr\/wdp2\/\",\"name\":\"Art Project\",\"description\":\"Isolation thermique et incendie\",\"potentialAction\":[{\"@type\":\"SearchAction\",\"target\":{\"@type\":\"EntryPoint\",\"urlTemplate\":\"https:\/\/www.artproject-flocage.fr\/wdp2\/?s={search_term_string}\"},\"query-input\":\"required name=search_term_string\"}],\"inLanguage\":\"fr-FR\"}]}<\/script>\n<!-- \/ Yoast SEO plugin. -->","yoast_head_json":{"title":"Art Project - Isolation acoustique","description":"Plus de 15 ans d\u2019exp\u00e9rience dans la protection passive des b\u00e2timents, sp\u00e9cialis\u00e9e dans l\u2019isolation thermique, acoustique et incendie ainsi que l\u2019\u00e9tanch\u00e9it\u00e9 \u00e0 l\u2019air.","robots":{"index":"index","follow":"follow","max-snippet":"max-snippet:-1","max-image-preview":"max-image-preview:large","max-video-preview":"max-video-preview:-1"},"canonical":"https:\/\/www.artproject-flocage.fr\/wdp2\/acoustique\/","og_locale":"fr_FR","og_type":"article","og_title":"Art Project - Isolation acoustique","og_description":"Plus de 15 ans d\u2019exp\u00e9rience dans la protection passive des b\u00e2timents, sp\u00e9cialis\u00e9e dans l\u2019isolation thermique, acoustique et incendie ainsi que l\u2019\u00e9tanch\u00e9it\u00e9 \u00e0 l\u2019air.","og_url":"https:\/\/www.artproject-flocage.fr\/wdp2\/acoustique\/","og_site_name":"Art Project","article_modified_time":"2015-10-20T07:54:02+00:00","og_image":[{"url":"http:\/\/www.artproject-flocage.fr\/wdp2\/wp-content\/uploads\/2014\/12\/logo-capeb-accueil.jpg"}],"twitter_card":"summary_large_image","twitter_misc":{"Dur\u00e9e de lecture estim\u00e9e":"1 minute"},"schema":{"@context":"https:\/\/schema.org","@graph":[{"@type":"WebPage","@id":"https:\/\/www.artproject-flocage.fr\/wdp2\/acoustique\/","url":"https:\/\/www.artproject-flocage.fr\/wdp2\/acoustique\/","name":"Art Project - Isolation acoustique","isPartOf":{"@id":"https:\/\/www.artproject-flocage.fr\/wdp2\/#website"},"datePublished":"2015-08-25T06:43:00+00:00","dateModified":"2015-10-20T07:54:02+00:00","description":"Plus de 15 ans d\u2019exp\u00e9rience dans la protection passive des b\u00e2timents, sp\u00e9cialis\u00e9e dans l\u2019isolation thermique, acoustique et incendie ainsi que l\u2019\u00e9tanch\u00e9it\u00e9 \u00e0 l\u2019air.","breadcrumb":{"@id":"https:\/\/www.artproject-flocage.fr\/wdp2\/acoustique\/#breadcrumb"},"inLanguage":"fr-FR","potentialAction":[{"@type":"ReadAction","target":["https:\/\/www.artproject-flocage.fr\/wdp2\/acoustique\/"]}]},{"@type":"BreadcrumbList","@id":"https:\/\/www.artproject-flocage.fr\/wdp2\/acoustique\/#breadcrumb","itemListElement":[{"@type":"ListItem","position":1,"name":"Accueil","item":"https:\/\/www.artproject-flocage.fr\/wdp2\/"},{"@type":"ListItem","position":2,"name":"Acoustique"}]},{"@type":"WebSite","@id":"https:\/\/www.artproject-flocage.fr\/wdp2\/#website","url":"https:\/\/www.artproject-flocage.fr\/wdp2\/","name":"Art Project","description":"Isolation thermique et incendie","potentialAction":[{"@type":"SearchAction","target":{"@type":"EntryPoint","urlTemplate":"https:\/\/www.artproject-flocage.fr\/wdp2\/?s={search_term_string}"},"query-input":"required name=search_term_string"}],"inLanguage":"fr-FR"}]}},"_links":{"self":[{"href":"https:\/\/www.artproject-flocage.fr\/wdp2\/wp-json\/wp\/v2\/pages\/1246"}],"collection":[{"href":"https:\/\/www.artproject-flocage.fr\/wdp2\/wp-json\/wp\/v2\/pages"}],"about":[{"href":"https:\/\/www.artproject-flocage.fr\/wdp2\/wp-json\/wp\/v2\/types\/page"}],"author":[{"embeddable":true,"href":"https:\/\/www.artproject-flocage.fr\/wdp2\/wp-json\/wp\/v2\/users\/1"}],"replies":[{"embeddable":true,"href":"https:\/\/www.artproject-flocage.fr\/wdp2\/wp-json\/wp\/v2\/comments?post=1246"}],"version-history":[{"count":6,"href":"https:\/\/www.artproject-flocage.fr\/wdp2\/wp-json\/wp\/v2\/pages\/1246\/revisions"}],"predecessor-version":[{"id":1353,"href":"https:\/\/www.artproject-flocage.fr\/wdp2\/wp-json\/wp\/v2\/pages\/1246\/revisions\/1353"}],"wp:attachment":[{"href":"https:\/\/www.artproject-flocage.fr\/wdp2\/wp-json\/wp\/v2\/media?parent=1246"}],"curies":[{"name":"wp","href":"https:\/\/api.w.org\/{rel}","templated":true}]}}