{"id":1255,"date":"2015-08-25T06:57:22","date_gmt":"2015-08-25T06:57:22","guid":{"rendered":"http:\/\/www.artproject-flocage.fr\/wdp2\/?page_id=1255"},"modified":"2017-12-04T15:45:44","modified_gmt":"2017-12-04T15:45:44","slug":"candidatures","status":"publish","type":"page","link":"https:\/\/www.artproject-flocage.fr\/wdp2\/candidatures\/","title":{"rendered":"Candidatures"},"content":{"rendered":"<div id='layer_slider_1'  class='avia-layerslider main_color avia-shadow  avia-builder-el-0  el_before_av_heading  avia-builder-el-first  container_wrap fullsize'  style='height: 471px;'  ><\/div><div id='after_layer_slider_1'  class='main_color av_default_container_wrap container_wrap fullsize'  ><div class='container av-section-cont-open' ><div class='template-page content  av-content-full alpha units'><div class='post-entry post-entry-type-page post-entry-1255'><div class='entry-content-wrapper clearfix'>\n\n<style type=\"text\/css\" data-created_by=\"avia_inline_auto\" id=\"style-css-av-av_heading-fa61fa0ec30c2d291fa4f0ebdbfba6f9\">\n#top .av-special-heading.av-av_heading-fa61fa0ec30c2d291fa4f0ebdbfba6f9{\npadding-bottom:10px;\n}\nbody .av-special-heading.av-av_heading-fa61fa0ec30c2d291fa4f0ebdbfba6f9 .av-special-heading-tag .heading-char{\nfont-size:25px;\n}\n.av-special-heading.av-av_heading-fa61fa0ec30c2d291fa4f0ebdbfba6f9 .av-subheading{\nfont-size:15px;\n}\n<\/style>\n<div  class='av-special-heading av-av_heading-fa61fa0ec30c2d291fa4f0ebdbfba6f9 av-special-heading-h1 blockquote modern-quote modern-centered  avia-builder-el-1  el_after_av_layerslider  el_before_av_hr  avia-builder-el-first '><h1 class='av-special-heading-tag'  itemprop=\"headline\"  ><strong style=\"color: #7e0000;\">Candidatures<\/strong><\/h1><div class=\"special-heading-border\"><div class=\"special-heading-inner-border\"><\/div><\/div><\/div>\n\n<style type=\"text\/css\" data-created_by=\"avia_inline_auto\" id=\"style-css-av-av_hr-1583d862781a8498d3bc1b35eb599f25\">\n#top .hr.av-av_hr-1583d862781a8498d3bc1b35eb599f25{\nmargin-top:10px;\nmargin-bottom:50px;\n}\n.hr.av-av_hr-1583d862781a8498d3bc1b35eb599f25 .hr-inner{\nwidth:350px;\nmax-width:45%;\n}\n.hr.av-av_hr-1583d862781a8498d3bc1b35eb599f25 .av-seperator-icon{\ncolor:#7e0000;\n}\n<\/style>\n<div  class='hr av-av_hr-1583d862781a8498d3bc1b35eb599f25 hr-custom  avia-builder-el-2  el_after_av_heading  el_before_av_textblock  hr-center hr-icon-yes'><span class='hr-inner inner-border-av-border-thin'><span class=\"hr-inner-style\"><\/span><\/span><span class='av-seperator-icon' aria-hidden='true' data-av_icon='\ue80b' data-av_iconfont='entypo-fontello'><\/span><span class='hr-inner inner-border-av-border-thin'><span class=\"hr-inner-style\"><\/span><\/span><\/div>\n<section  class='av_textblock_section av-av_textblock-0366cc7376be6c9e82a3e9cc8987b64f '   itemscope=\"itemscope\" itemtype=\"https:\/\/schema.org\/CreativeWork\" ><div class='avia_textblock'  itemprop=\"text\" ><p style=\"text-align: center; font-size: 20px;\">Notre entreprise est en d\u00e9veloppement , ainsi nous recherchons des ouvriers qualifi\u00e9s et des projeteurs.<\/p>\n<p style=\"text-align: center; font-size: 20px;\">Vous aimez le travail en \u00e9quipe, vous \u00eates volontaire,consciencieux et d\u00e9sireux de vous investir au sein d&rsquo;une entreprise jeune et dynamique,<br \/>\nenvoyez votre candidature \u00e0 l&rsquo;adresse mail suivante :<\/p>\n<p style=\"text-align: center; font-size: 26px;\"><a style=\"color: #7e0000; font-weight: bold;\" href=\"mailto:gestion@artproject-flocage.fr\">gestion@artproject-flocage.fr<\/a><\/p>\n<\/div><\/section>\n\n<style type=\"text\/css\" data-created_by=\"avia_inline_auto\" id=\"style-css-av-av_hr-5180d53ba3a8ffaf837ef5c88d21fc26\">\n#top .hr.av-av_hr-5180d53ba3a8ffaf837ef5c88d21fc26{\nmargin-top:50px;\nmargin-bottom:50px;\n}\n.hr.av-av_hr-5180d53ba3a8ffaf837ef5c88d21fc26 .hr-inner{\nwidth:350px;\nmax-width:45%;\n}\n.hr.av-av_hr-5180d53ba3a8ffaf837ef5c88d21fc26 .av-seperator-icon{\ncolor:#7e0000;\n}\n<\/style>\n<div  class='hr av-av_hr-5180d53ba3a8ffaf837ef5c88d21fc26 hr-custom  avia-builder-el-4  el_after_av_textblock  el_before_av_heading  hr-center hr-icon-yes'><span class='hr-inner inner-border-av-border-thin'><span class=\"hr-inner-style\"><\/span><\/span><span class='av-seperator-icon' aria-hidden='true' data-av_icon='\ue80b' data-av_iconfont='entypo-fontello'><\/span><span class='hr-inner inner-border-av-border-thin'><span class=\"hr-inner-style\"><\/span><\/span><\/div>\n\n<style type=\"text\/css\" data-created_by=\"avia_inline_auto\" id=\"style-css-av-av_heading-df7ed77380a98b180a2c24d09f21698c\">\n#top .av-special-heading.av-av_heading-df7ed77380a98b180a2c24d09f21698c{\npadding-bottom:65px;\ncolor:#7e0000;\n}\nbody .av-special-heading.av-av_heading-df7ed77380a98b180a2c24d09f21698c .av-special-heading-tag .heading-char{\nfont-size:25px;\n}\n.av-special-heading.av-av_heading-df7ed77380a98b180a2c24d09f21698c .special-heading-inner-border{\nborder-color:#7e0000;\n}\n.av-special-heading.av-av_heading-df7ed77380a98b180a2c24d09f21698c .av-subheading{\nfont-size:15px;\n}\n<\/style>\n<div  class='av-special-heading av-av_heading-df7ed77380a98b180a2c24d09f21698c av-special-heading-h1 custom-color-heading blockquote modern-quote modern-centered  avia-builder-el-5  el_after_av_hr  el_before_av_textblock  av-thin-font'><h1 class='av-special-heading-tag'  itemprop=\"headline\"  ><strong>Notre \u00e9quipe<\/strong><\/h1><div class=\"special-heading-border\"><div class=\"special-heading-inner-border\"><\/div><\/div><\/div>\n<section  class='av_textblock_section av-av_textblock-0366cc7376be6c9e82a3e9cc8987b64f '   itemscope=\"itemscope\" itemtype=\"https:\/\/schema.org\/CreativeWork\" ><div class='avia_textblock'  itemprop=\"text\" ><h3 style=\"text-align: center; color: #7e0000;\"><strong>Co-g\u00e9rants, service commercial et \u00e9tude :<\/strong><\/h3>\n<h5 style=\"text-align: center;\">Bruno CASSAT &#8211; Jean-Marc AUROUSSEAU<\/h5>\n<\/div><\/section>\n<\/div><\/div><\/div><!-- close content main div --><\/div><\/div><div id='av-layout-grid-1'  class='av-layout-grid-container av-av_layout_row-caf1f26e08707a2ebe9176b630e736c2 entry-content-wrapper main_color av-flex-cells  avia-builder-el-7  el_after_av_textblock  el_before_av_layout_row  grid-row-not-first  container_wrap fullsize'  >\n\n<style type=\"text\/css\" data-created_by=\"avia_inline_auto\" id=\"style-css-av-av_cell_one_fifth-5227a743201b625eadc00b27db60eab9\">\n.flex_cell.av-av_cell_one_fifth-5227a743201b625eadc00b27db60eab9{\nvertical-align:top;\n}\n.responsive #top #wrap_all .flex_cell.av-av_cell_one_fifth-5227a743201b625eadc00b27db60eab9{\npadding:30px 30px 30px 30px !important;\n}\n<\/style>\n<div class='flex_cell av-av_cell_one_fifth-5227a743201b625eadc00b27db60eab9 av-gridrow-cell av_one_fifth no_margin  avia-builder-el-8  el_before_av_cell_one_fifth  avia-builder-el-first '  ><div class='flex_cell_inner'><\/div><\/div>\n<style type=\"text\/css\" data-created_by=\"avia_inline_auto\" id=\"style-css-av-av_cell_one_fifth-5227a743201b625eadc00b27db60eab9\">\n.flex_cell.av-av_cell_one_fifth-5227a743201b625eadc00b27db60eab9{\nvertical-align:top;\n}\n.responsive #top #wrap_all .flex_cell.av-av_cell_one_fifth-5227a743201b625eadc00b27db60eab9{\npadding:30px 30px 30px 30px !important;\n}\n<\/style>\n<div class='flex_cell av-av_cell_one_fifth-5227a743201b625eadc00b27db60eab9 av-gridrow-cell av_one_fifth no_margin  avia-builder-el-9  el_after_av_cell_one_fifth  el_before_av_cell_one_fifth '  ><div class='flex_cell_inner'><section  class='av_textblock_section av-av_textblock-0366cc7376be6c9e82a3e9cc8987b64f '   itemscope=\"itemscope\" itemtype=\"https:\/\/schema.org\/CreativeWork\" ><div class='avia_textblock'  itemprop=\"text\" ><h3 style=\"text-align: center; color: #7e0000;\"><strong>Assistante administrative et commerciale :<\/strong><\/h3>\n<h5 style=\"text-align: center;\">Sylvie DIVET<\/h5>\n<\/div><\/section>\n<\/div><\/div>\n<style type=\"text\/css\" data-created_by=\"avia_inline_auto\" id=\"style-css-av-av_cell_one_fifth-5227a743201b625eadc00b27db60eab9\">\n.flex_cell.av-av_cell_one_fifth-5227a743201b625eadc00b27db60eab9{\nvertical-align:top;\n}\n.responsive #top #wrap_all .flex_cell.av-av_cell_one_fifth-5227a743201b625eadc00b27db60eab9{\npadding:30px 30px 30px 30px !important;\n}\n<\/style>\n<div class='flex_cell av-av_cell_one_fifth-5227a743201b625eadc00b27db60eab9 av-gridrow-cell av_one_fifth no_margin  avia-builder-el-11  el_after_av_cell_one_fifth  el_before_av_cell_one_fifth '  ><div class='flex_cell_inner'><section  class='av_textblock_section av-av_textblock-0366cc7376be6c9e82a3e9cc8987b64f '   itemscope=\"itemscope\" itemtype=\"https:\/\/schema.org\/CreativeWork\" ><div class='avia_textblock'  itemprop=\"text\" ><h3 style=\"text-align: center; color: #7e0000;\"><strong>Assistante de gestion :<\/strong><\/h3>\n<h5 style=\"text-align: center;\">Virginie HABERSETZER<\/h5>\n<\/div><\/section>\n<\/div><\/div>\n<style type=\"text\/css\" data-created_by=\"avia_inline_auto\" id=\"style-css-av-av_cell_one_fifth-5227a743201b625eadc00b27db60eab9\">\n.flex_cell.av-av_cell_one_fifth-5227a743201b625eadc00b27db60eab9{\nvertical-align:top;\n}\n.responsive #top #wrap_all .flex_cell.av-av_cell_one_fifth-5227a743201b625eadc00b27db60eab9{\npadding:30px 30px 30px 30px !important;\n}\n<\/style>\n<div class='flex_cell av-av_cell_one_fifth-5227a743201b625eadc00b27db60eab9 av-gridrow-cell av_one_fifth no_margin  avia-builder-el-13  el_after_av_cell_one_fifth  el_before_av_cell_one_fifth '  ><div class='flex_cell_inner'><section  class='av_textblock_section av-av_textblock-0366cc7376be6c9e82a3e9cc8987b64f '   itemscope=\"itemscope\" itemtype=\"https:\/\/schema.org\/CreativeWork\" ><div class='avia_textblock'  itemprop=\"text\" ><h3 style=\"text-align: center; color: #7e0000;\"><strong>Conducteur de travaux :<\/strong><\/h3>\n<h5 style=\"text-align: center;\">Ludovic SANCHEZ<\/h5>\n<\/div><\/section>\n<\/div><\/div>\n<style type=\"text\/css\" data-created_by=\"avia_inline_auto\" id=\"style-css-av-av_cell_one_fifth-5227a743201b625eadc00b27db60eab9\">\n.flex_cell.av-av_cell_one_fifth-5227a743201b625eadc00b27db60eab9{\nvertical-align:top;\n}\n.responsive #top #wrap_all .flex_cell.av-av_cell_one_fifth-5227a743201b625eadc00b27db60eab9{\npadding:30px 30px 30px 30px !important;\n}\n<\/style>\n<div class='flex_cell av-av_cell_one_fifth-5227a743201b625eadc00b27db60eab9 av-gridrow-cell av_one_fifth no_margin  avia-builder-el-15  el_after_av_cell_one_fifth  avia-builder-el-last '  ><div class='flex_cell_inner'><\/div><\/div><\/div><div id='av-layout-grid-2'  class='av-layout-grid-container av-av_layout_row-caf1f26e08707a2ebe9176b630e736c2 entry-content-wrapper main_color av-flex-cells  avia-builder-el-16  el_after_av_layout_row  avia-builder-el-last  grid-row-not-first  container_wrap fullsize'  >\n<div class='flex_cell av-av_cell_one_third-ebe5280c498a4b568c7730bb0189ca45 av-gridrow-cell av_one_third no_margin  avia-builder-el-17  el_before_av_cell_one_third  avia-builder-el-first '  ><div class='flex_cell_inner'><\/div><\/div><div class='flex_cell av-av_cell_one_third-ebe5280c498a4b568c7730bb0189ca45 av-gridrow-cell av_one_third no_margin  avia-builder-el-18  el_after_av_cell_one_third  el_before_av_cell_one_third '  ><div class='flex_cell_inner'><section  class='av_textblock_section av-av_textblock-0366cc7376be6c9e82a3e9cc8987b64f '   itemscope=\"itemscope\" itemtype=\"https:\/\/schema.org\/CreativeWork\" ><div class='avia_textblock'  itemprop=\"text\" ><h3 style=\"text-align: center; color: #7e0000;\"><strong>3 \u00e9quipes de chantier :<\/strong><\/h3>\n<h5 style=\"text-align: center;\">2 ouvriers qualifi\u00e9s par \u00e9quipe<\/h5>\n<\/div><\/section><br \/>\n\n<style type=\"text\/css\" data-created_by=\"avia_inline_auto\" id=\"style-css-av-av_hr-0688d0b0b6ed2f8b057db7a8270206df\">\n#top .hr.hr-invisible.av-av_hr-0688d0b0b6ed2f8b057db7a8270206df{\nheight:50px;\n}\n<\/style>\n<div  class='hr av-av_hr-0688d0b0b6ed2f8b057db7a8270206df hr-invisible  avia-builder-el-20  el_after_av_textblock  avia-builder-el-last '><span class='hr-inner '><span class=\"hr-inner-style\"><\/span><\/span><\/div><\/p>\n<\/div><\/div><div class='flex_cell av-av_cell_one_third-ebe5280c498a4b568c7730bb0189ca45 av-gridrow-cell av_one_third no_margin  avia-builder-el-21  el_after_av_cell_one_third  avia-builder-el-last '  ><div class='flex_cell_inner'><\/div><\/div>\n<\/div><\/p>\n","protected":false},"excerpt":{"rendered":"","protected":false},"author":1,"featured_media":0,"parent":0,"menu_order":0,"comment_status":"closed","ping_status":"closed","template":"","meta":{"footnotes":""},"yoast_head":"<!-- This site is optimized with the Yoast SEO plugin v19.11 - https:\/\/yoast.com\/wordpress\/plugins\/seo\/ -->\n<title>Art Project - Candidature<\/title>\n<meta name=\"description\" content=\"Notre entreprise est en d\u00e9veloppement , ainsi nous recherchons des ouvriers qualifi\u00e9s et des projeteurs.\" \/>\n<meta name=\"robots\" content=\"index, follow, max-snippet:-1, max-image-preview:large, max-video-preview:-1\" \/>\n<link rel=\"canonical\" href=\"https:\/\/www.artproject-flocage.fr\/wdp2\/candidatures\/\" \/>\n<meta property=\"og:locale\" content=\"fr_FR\" \/>\n<meta property=\"og:type\" content=\"article\" \/>\n<meta property=\"og:title\" content=\"Art Project - Candidature\" \/>\n<meta property=\"og:description\" content=\"Notre entreprise est en d\u00e9veloppement , ainsi nous recherchons des ouvriers qualifi\u00e9s et des projeteurs.\" \/>\n<meta property=\"og:url\" content=\"https:\/\/www.artproject-flocage.fr\/wdp2\/candidatures\/\" \/>\n<meta property=\"og:site_name\" content=\"Art Project\" \/>\n<meta property=\"article:modified_time\" content=\"2017-12-04T15:45:44+00:00\" \/>\n<meta name=\"twitter:card\" content=\"summary_large_image\" \/>\n<meta name=\"twitter:label1\" content=\"Dur\u00e9e de lecture estim\u00e9e\" \/>\n\t<meta name=\"twitter:data1\" content=\"3 minutes\" \/>\n<script type=\"application\/ld+json\" class=\"yoast-schema-graph\">{\"@context\":\"https:\/\/schema.org\",\"@graph\":[{\"@type\":\"WebPage\",\"@id\":\"https:\/\/www.artproject-flocage.fr\/wdp2\/candidatures\/\",\"url\":\"https:\/\/www.artproject-flocage.fr\/wdp2\/candidatures\/\",\"name\":\"Art Project - Candidature\",\"isPartOf\":{\"@id\":\"https:\/\/www.artproject-flocage.fr\/wdp2\/#website\"},\"datePublished\":\"2015-08-25T06:57:22+00:00\",\"dateModified\":\"2017-12-04T15:45:44+00:00\",\"description\":\"Notre entreprise est en d\u00e9veloppement , ainsi nous recherchons des ouvriers qualifi\u00e9s et des projeteurs.\",\"breadcrumb\":{\"@id\":\"https:\/\/www.artproject-flocage.fr\/wdp2\/candidatures\/#breadcrumb\"},\"inLanguage\":\"fr-FR\",\"potentialAction\":[{\"@type\":\"ReadAction\",\"target\":[\"https:\/\/www.artproject-flocage.fr\/wdp2\/candidatures\/\"]}]},{\"@type\":\"BreadcrumbList\",\"@id\":\"https:\/\/www.artproject-flocage.fr\/wdp2\/candidatures\/#breadcrumb\",\"itemListElement\":[{\"@type\":\"ListItem\",\"position\":1,\"name\":\"Accueil\",\"item\":\"https:\/\/www.artproject-flocage.fr\/wdp2\/\"},{\"@type\":\"ListItem\",\"position\":2,\"name\":\"Candidatures\"}]},{\"@type\":\"WebSite\",\"@id\":\"https:\/\/www.artproject-flocage.fr\/wdp2\/#website\",\"url\":\"https:\/\/www.artproject-flocage.fr\/wdp2\/\",\"name\":\"Art Project\",\"description\":\"Isolation thermique et incendie\",\"potentialAction\":[{\"@type\":\"SearchAction\",\"target\":{\"@type\":\"EntryPoint\",\"urlTemplate\":\"https:\/\/www.artproject-flocage.fr\/wdp2\/?s={search_term_string}\"},\"query-input\":\"required name=search_term_string\"}],\"inLanguage\":\"fr-FR\"}]}<\/script>\n<!-- \/ Yoast SEO plugin. -->","yoast_head_json":{"title":"Art Project - Candidature","description":"Notre entreprise est en d\u00e9veloppement , ainsi nous recherchons des ouvriers qualifi\u00e9s et des projeteurs.","robots":{"index":"index","follow":"follow","max-snippet":"max-snippet:-1","max-image-preview":"max-image-preview:large","max-video-preview":"max-video-preview:-1"},"canonical":"https:\/\/www.artproject-flocage.fr\/wdp2\/candidatures\/","og_locale":"fr_FR","og_type":"article","og_title":"Art Project - Candidature","og_description":"Notre entreprise est en d\u00e9veloppement , ainsi nous recherchons des ouvriers qualifi\u00e9s et des projeteurs.","og_url":"https:\/\/www.artproject-flocage.fr\/wdp2\/candidatures\/","og_site_name":"Art Project","article_modified_time":"2017-12-04T15:45:44+00:00","twitter_card":"summary_large_image","twitter_misc":{"Dur\u00e9e de lecture estim\u00e9e":"3 minutes"},"schema":{"@context":"https:\/\/schema.org","@graph":[{"@type":"WebPage","@id":"https:\/\/www.artproject-flocage.fr\/wdp2\/candidatures\/","url":"https:\/\/www.artproject-flocage.fr\/wdp2\/candidatures\/","name":"Art Project - Candidature","isPartOf":{"@id":"https:\/\/www.artproject-flocage.fr\/wdp2\/#website"},"datePublished":"2015-08-25T06:57:22+00:00","dateModified":"2017-12-04T15:45:44+00:00","description":"Notre entreprise est en d\u00e9veloppement , ainsi nous recherchons des ouvriers qualifi\u00e9s et des projeteurs.","breadcrumb":{"@id":"https:\/\/www.artproject-flocage.fr\/wdp2\/candidatures\/#breadcrumb"},"inLanguage":"fr-FR","potentialAction":[{"@type":"ReadAction","target":["https:\/\/www.artproject-flocage.fr\/wdp2\/candidatures\/"]}]},{"@type":"BreadcrumbList","@id":"https:\/\/www.artproject-flocage.fr\/wdp2\/candidatures\/#breadcrumb","itemListElement":[{"@type":"ListItem","position":1,"name":"Accueil","item":"https:\/\/www.artproject-flocage.fr\/wdp2\/"},{"@type":"ListItem","position":2,"name":"Candidatures"}]},{"@type":"WebSite","@id":"https:\/\/www.artproject-flocage.fr\/wdp2\/#website","url":"https:\/\/www.artproject-flocage.fr\/wdp2\/","name":"Art Project","description":"Isolation thermique et incendie","potentialAction":[{"@type":"SearchAction","target":{"@type":"EntryPoint","urlTemplate":"https:\/\/www.artproject-flocage.fr\/wdp2\/?s={search_term_string}"},"query-input":"required name=search_term_string"}],"inLanguage":"fr-FR"}]}},"_links":{"self":[{"href":"https:\/\/www.artproject-flocage.fr\/wdp2\/wp-json\/wp\/v2\/pages\/1255"}],"collection":[{"href":"https:\/\/www.artproject-flocage.fr\/wdp2\/wp-json\/wp\/v2\/pages"}],"about":[{"href":"https:\/\/www.artproject-flocage.fr\/wdp2\/wp-json\/wp\/v2\/types\/page"}],"author":[{"embeddable":true,"href":"https:\/\/www.artproject-flocage.fr\/wdp2\/wp-json\/wp\/v2\/users\/1"}],"replies":[{"embeddable":true,"href":"https:\/\/www.artproject-flocage.fr\/wdp2\/wp-json\/wp\/v2\/comments?post=1255"}],"version-history":[{"count":14,"href":"https:\/\/www.artproject-flocage.fr\/wdp2\/wp-json\/wp\/v2\/pages\/1255\/revisions"}],"predecessor-version":[{"id":1379,"href":"https:\/\/www.artproject-flocage.fr\/wdp2\/wp-json\/wp\/v2\/pages\/1255\/revisions\/1379"}],"wp:attachment":[{"href":"https:\/\/www.artproject-flocage.fr\/wdp2\/wp-json\/wp\/v2\/media?parent=1255"}],"curies":[{"name":"wp","href":"https:\/\/api.w.org\/{rel}","templated":true}]}}